{"id":8,"date":"2016-08-05T16:07:44","date_gmt":"2016-08-05T15:07:44","guid":{"rendered":"http:\/\/domainedelenvol.fr\/?page_id=8"},"modified":"2023-11-15T11:31:42","modified_gmt":"2023-11-15T10:31:42","slug":"terroirs","status":"publish","type":"page","link":"https:\/\/domainedelenvol.fr\/index.php\/terroirs\/","title":{"rendered":"Terroirs"},"content":{"rendered":"\n<figure class=\"wp-block-gallery has-nested-images columns-default is-cropped wp-block-gallery-1 is-layout-flex wp-block-gallery-is-layout-flex\">\n<figure class=\"wp-block-image size-large\"><img loading=\"lazy\" decoding=\"async\" width=\"1024\" height=\"655\" data-id=\"1806\" src=\"https:\/\/domainedelenvol.fr\/wp-content\/uploads\/2017\/03\/246040900_914568656160228_2550063432376499076_n-1024x655.jpg\" alt=\"\" class=\"wp-image-1806\" srcset=\"https:\/\/domainedelenvol.fr\/wp-content\/uploads\/2017\/03\/246040900_914568656160228_2550063432376499076_n-1024x655.jpg 1024w, https:\/\/domainedelenvol.fr\/wp-content\/uploads\/2017\/03\/246040900_914568656160228_2550063432376499076_n-300x192.jpg 300w, https:\/\/domainedelenvol.fr\/wp-content\/uploads\/2017\/03\/246040900_914568656160228_2550063432376499076_n-768x491.jpg 768w, https:\/\/domainedelenvol.fr\/wp-content\/uploads\/2017\/03\/246040900_914568656160228_2550063432376499076_n.jpg 1080w\" sizes=\"(max-width: 1024px) 100vw, 1024px\" \/><\/figure>\n\n\n\n<figure class=\"wp-block-image size-large\"><img loading=\"lazy\" decoding=\"async\" width=\"1024\" height=\"684\" data-id=\"1696\" src=\"https:\/\/domainedelenvol.fr\/wp-content\/uploads\/2017\/03\/katzenthal.automne-1024x684.jpg\" alt=\"\" class=\"wp-image-1696\" srcset=\"https:\/\/domainedelenvol.fr\/wp-content\/uploads\/2017\/03\/katzenthal.automne-1024x684.jpg 1024w, https:\/\/domainedelenvol.fr\/wp-content\/uploads\/2017\/03\/katzenthal.automne-300x200.jpg 300w, https:\/\/domainedelenvol.fr\/wp-content\/uploads\/2017\/03\/katzenthal.automne-768x513.jpg 768w, https:\/\/domainedelenvol.fr\/wp-content\/uploads\/2017\/03\/katzenthal.automne-272x182.jpg 272w, https:\/\/domainedelenvol.fr\/wp-content\/uploads\/2017\/03\/katzenthal.automne.jpg 1618w\" sizes=\"(max-width: 1024px) 100vw, 1024px\" \/><\/figure>\n\n\n\n<figure class=\"wp-block-image size-large\"><img loading=\"lazy\" decoding=\"async\" width=\"1024\" height=\"684\" data-id=\"1695\" src=\"https:\/\/domainedelenvol.fr\/wp-content\/uploads\/2017\/03\/florimont.ingersheime.envol_-1024x684.jpg\" alt=\"\" class=\"wp-image-1695\" srcset=\"https:\/\/domainedelenvol.fr\/wp-content\/uploads\/2017\/03\/florimont.ingersheime.envol_-1024x684.jpg 1024w, https:\/\/domainedelenvol.fr\/wp-content\/uploads\/2017\/03\/florimont.ingersheime.envol_-300x200.jpg 300w, https:\/\/domainedelenvol.fr\/wp-content\/uploads\/2017\/03\/florimont.ingersheime.envol_-768x513.jpg 768w, https:\/\/domainedelenvol.fr\/wp-content\/uploads\/2017\/03\/florimont.ingersheime.envol_-272x182.jpg 272w, https:\/\/domainedelenvol.fr\/wp-content\/uploads\/2017\/03\/florimont.ingersheime.envol_.jpg 1618w\" sizes=\"(max-width: 1024px) 100vw, 1024px\" \/><\/figure>\n\n\n\n<figure class=\"wp-block-image size-large\"><img loading=\"lazy\" decoding=\"async\" width=\"640\" height=\"417\" data-id=\"400\" src=\"https:\/\/domainedelenvol.fr\/wp-content\/uploads\/2017\/01\/Niedermorschwihr-2.jpg\" alt=\"\" class=\"wp-image-400\" srcset=\"https:\/\/domainedelenvol.fr\/wp-content\/uploads\/2017\/01\/Niedermorschwihr-2.jpg 640w, https:\/\/domainedelenvol.fr\/wp-content\/uploads\/2017\/01\/Niedermorschwihr-2-300x195.jpg 300w\" sizes=\"(max-width: 640px) 100vw, 640px\" \/><\/figure>\n\n\n\n<figure class=\"wp-block-image size-large\"><img loading=\"lazy\" decoding=\"async\" width=\"1024\" height=\"768\" data-id=\"1867\" src=\"https:\/\/domainedelenvol.fr\/wp-content\/uploads\/2016\/08\/DJI_0275-1024x768.jpg\" alt=\"\" class=\"wp-image-1867\"\/><\/figure>\n\n\n\n<figure class=\"wp-block-image size-large\"><img loading=\"lazy\" decoding=\"async\" width=\"1024\" height=\"683\" data-id=\"2133\" src=\"https:\/\/domainedelenvol.fr\/wp-content\/uploads\/2023\/11\/DSC9906-1024x683.jpg\" alt=\"\" class=\"wp-image-2133\" srcset=\"https:\/\/domainedelenvol.fr\/wp-content\/uploads\/2023\/11\/DSC9906-1024x683.jpg 1024w, https:\/\/domainedelenvol.fr\/wp-content\/uploads\/2023\/11\/DSC9906-300x200.jpg 300w, https:\/\/domainedelenvol.fr\/wp-content\/uploads\/2023\/11\/DSC9906-768x512.jpg 768w, https:\/\/domainedelenvol.fr\/wp-content\/uploads\/2023\/11\/DSC9906-1536x1024.jpg 1536w, https:\/\/domainedelenvol.fr\/wp-content\/uploads\/2023\/11\/DSC9906.jpg 1920w\" sizes=\"(max-width: 1024px) 100vw, 1024px\" \/><\/figure>\n<\/figure>\n\n\n\n<hr class=\"wp-block-separator has-alpha-channel-opacity\"\/>\n\n\n<blockquote>\n<p style=\"text-align: left;\">Le vignoble alsacien est install\u00e9 sur le bassin rh\u00e9nan, l\u2019une des r\u00e9gions g\u00e9ologiques les plus complexes d&rsquo;Europe. Qu\u2019il s\u2019agisse des substrats de roches \u00e9ruptives ou des galets et sables aux pieds des vall\u00e9es. Cette sp\u00e9cificit\u00e9 lui permet de revendiquer la plus grande diversit\u00e9 de terroirs viticoles au monde !<\/p>\n<p>\u00a0<\/p>\n<\/blockquote>\n<div id=\"cont_site\" style=\"text-align: left;\">\n<h5 style=\"text-align: justify;\"><em>Les principaux terroirs qui signent nos vins sont :<\/em><\/h5>\n<div id=\"cont_site\">\n<div style=\"text-align: justify;\">\n<h5 style=\"text-align: justify;\"><strong>Nos Grands Crus<\/strong><\/h5>\n<p><strong><em><a href=\"http:\/\/domainedelenvol.fr\/wp-content\/uploads\/2016\/08\/14803030_1285475924817200_939996800_o.jpg\"><img loading=\"lazy\" decoding=\"async\" class=\"alignleft wp-image-267\" src=\"http:\/\/domainedelenvol.fr\/wp-content\/uploads\/2016\/08\/14803030_1285475924817200_939996800_o-300x169.jpg\" alt=\"florimont-terroirs\" width=\"230\" height=\"130\" srcset=\"https:\/\/domainedelenvol.fr\/wp-content\/uploads\/2016\/08\/14803030_1285475924817200_939996800_o-300x169.jpg 300w, https:\/\/domainedelenvol.fr\/wp-content\/uploads\/2016\/08\/14803030_1285475924817200_939996800_o-768x432.jpg 768w, https:\/\/domainedelenvol.fr\/wp-content\/uploads\/2016\/08\/14803030_1285475924817200_939996800_o-1024x576.jpg 1024w, https:\/\/domainedelenvol.fr\/wp-content\/uploads\/2016\/08\/14803030_1285475924817200_939996800_o.jpg 1184w\" sizes=\"(max-width: 230px) 100vw, 230px\" \/><\/a>Le Grand Cru Florimont<\/em><\/strong>,<em> situ\u00e9 entre Ingersheim et Katzenthal<\/em><\/p>\n<p>Le Florimont ou \u00ab\u00a0le Mont fleuri\u00a0\u00bb est une terre baign\u00e9e de lumi\u00e8re o\u00f9 les tulipes, an\u00e9mones et orchid\u00e9es sauvages colorent les pentes au <strong>sol calcaire piqu\u00e9 de fossiles. <\/strong>Le Gewurztraminer est le c\u00e9page pr\u00e9dominant du Florimont, il se distingue par sa g\u00e9n\u00e9rosit\u00e9, sa puissance et sa persistance en bouche.<\/p>\n<p>\u00a0<\/p>\n<p><a href=\"http:\/\/domainedelenvol.fr\/wp-content\/uploads\/2016\/08\/wisc.jpg\"><img loading=\"lazy\" decoding=\"async\" class=\"alignleft wp-image-496\" src=\"http:\/\/domainedelenvol.fr\/wp-content\/uploads\/2016\/08\/wisc-300x300.jpg\" alt=\"wisc-terroirs\" width=\"176\" height=\"176\" srcset=\"https:\/\/domainedelenvol.fr\/wp-content\/uploads\/2016\/08\/wisc-300x300.jpg 300w, https:\/\/domainedelenvol.fr\/wp-content\/uploads\/2016\/08\/wisc-150x150.jpg 150w, https:\/\/domainedelenvol.fr\/wp-content\/uploads\/2016\/08\/wisc-768x768.jpg 768w, https:\/\/domainedelenvol.fr\/wp-content\/uploads\/2016\/08\/wisc.jpg 960w\" sizes=\"(max-width: 176px) 100vw, 176px\" \/><\/a><strong>Le Grand Cru Wineck-Schlossberg,<\/strong> situ\u00e9 \u00e0 Katzenthal<\/p>\n<p>Le Wineck-Schlossberg ou \u00ab\u00a0Le ch\u00e2teau au milieu des vignes\u00a0\u00bb est un vallon ferm\u00e9 formant un cirque prot\u00e9g\u00e9 des vents. Son sol filtrant et peu profond est assis sur une <strong>roche m\u00e8re granitique. <\/strong> Le ch\u00e2teau du Wineck (12e si\u00e8cle), est le seul ch\u00e2teau d&rsquo;Alsace enti\u00e8rement entour\u00e9 de vignes. Le Riesling se distingue notamment par la min\u00e9ralit\u00e9 et la salinit\u00e9 de ses vins.<\/p>\n<\/div>\n<\/div>\n<\/div>\n<p>\u00a0<\/p>\n<div id=\"cont_site\" style=\"text-align: left;\">\n<div id=\"cont_site\">\n<p><strong><em>Le Grand Cru Steinert<\/em><\/strong>, <em>situ\u00e9 \u00e0 <a href=\"http:\/\/domainedelenvol.fr\/wp-content\/uploads\/2016\/08\/steinert.png\"><img loading=\"lazy\" decoding=\"async\" class=\"alignleft wp-image-268\" src=\"http:\/\/domainedelenvol.fr\/wp-content\/uploads\/2016\/08\/steinert-300x201.png\" alt=\"steinert-terroirs\" width=\"230\" height=\"154\" \/><\/a>Pfaffenheim<br \/><\/em><\/p>\n<p class=\"pw-hidden-cp\">Orient\u00e9 sud\/sud-est les parcelles s\u2019organisent en paliers successifs en suivant les saillies calcaires de la pente. Le nom du grand cru fait directement r\u00e9f\u00e9rence \u00e0 cette pr\u00e9sence de pierres dans le sol\u00a0: <em>Steinert <\/em>vient de l\u2019allemand Stein qui se traduit par pierre. Ces vins sont renomm\u00e9s pour leur qualit\u00e9 et leur raffinement.<\/p>\n<p style=\"text-align: justify;\">\u00a0<\/p>\n<\/div>\n<\/div>\n<div id=\"cont_site\" style=\"text-align: left;\">\u00a0<\/div>\n<p>\u00a0<\/p>\n<p>Pour plus d&rsquo;informations sur les Grands Crus, vous pouvez visiter le site des\u00a0<strong><span style=\"color: #c3b6bc;\"><a style=\"color: #c3b6bc;\" href=\"http:\/\/www.vinsalsace.com\/fr\/grands-crus\/\">Vins d&rsquo;Alsace<\/a>.<\/span><\/strong><\/p>\n<div id=\"cont_site\" style=\"text-align: left;\">\n<div id=\"cont_site\">\n<h5 style=\"text-align: justify;\"><span style=\"color: #c6b3bc;\"><strong>Nos Lieux-Dits<\/strong><\/span><\/h5>\n<\/div>\n<\/div>\n<p><span style=\"text-decoration: underline;\"><strong>A Pfaffenheim<\/strong><\/span><\/p>\n<p style=\"text-align: left;\"><em><strong>Le Bergweingarten <\/strong><\/em><br \/>Le Bergweingarten ou \u00ab\u00a0Le jardin de vignes de la colline\u00a0\u00bb fait r\u00e9f\u00e9rence \u00e0 un clos cultiv\u00e9 par la noblesse durant le Moyen-\u00c2ge. Des fragments de <strong>gr\u00e8s et de calcaire<\/strong> sont m\u00e9lang\u00e9s \u00e0 <strong>une terre de marne<\/strong> tr\u00e8s riche. \u00a0Les vins du Bergweingarten sont riches, puissant souvent marqu\u00e9s par la rondeur.<\/p>\n<p><span style=\"text-decoration: underline;\"><strong>A Ingersheim<\/strong><\/span><\/p>\n<p><em><strong>Le Steinweg<br \/><\/strong><\/em>Le Steinweg ou \u00ab\u00a0Le chemin des pierres\u00a0\u00bb est un terroir form\u00e9 par des <strong>alluvions granitiques,<\/strong> insufflant une touche de min\u00e9ralit\u00e9 aux vins qui y prennent naissance.<\/p>\n<p><em><strong>Le Dorfburg<br \/><\/strong><\/em>Le Dorfburg ou \u00ab\u00a0La porte du village\u00a0\u00bb est un terroir <strong>marno-calcaire<\/strong> voisin du grand cru Florimont, il donne naissance \u00e0 des vins de caract\u00e8re.<\/p>\n<p style=\"text-align: left;\"><em><strong>Le Letzenberg<\/strong><\/em><br \/>Le Letzenberg ou \u00ab\u00a0La derni\u00e8re colline\u00a0\u00bb est une colline <strong>calcaire<\/strong> dont les pentes sont expos\u00e9es au soleil levant. Conf\u00e8re l\u00e9g\u00e8ret\u00e9 aux vins.<strong><strong><br \/><\/strong><\/strong><\/p>","protected":false},"excerpt":{"rendered":"<p>Le vignoble alsacien est install\u00e9 sur le bassin rh\u00e9nan, l\u2019une des r\u00e9gions g\u00e9ologiques les plus complexes d&rsquo;Europe. Qu\u2019il s\u2019agisse des substrats de roches \u00e9ruptives ou des galets et sables aux pieds des vall\u00e9es. Cette&#46;&#46;&#46;<\/p>\n","protected":false},"author":1,"featured_media":0,"parent":0,"menu_order":0,"comment_status":"closed","ping_status":"closed","template":"","meta":{"footnotes":""},"yoast_head":"<!-- This site is optimized with the Yoast SEO plugin v21.5 - https:\/\/yoast.com\/wordpress\/plugins\/seo\/ -->\n<title>Terroirs d&#039;Alsace - Vins Bio d&#039;Alsace - Domaine de l&#039;Envol<\/title>\n<meta name=\"description\" content=\"Les terroirs alsaciens sont multiples et diversifi\u00e9s. Nous avons la chance de pouvoir travailler sur une mosa\u00efque de sols pour cr\u00e9er des vins d&#039;exception.\" \/>\n<meta name=\"robots\" content=\"index, follow, max-snippet:-1, max-image-preview:large, max-video-preview:-1\" \/>\n<link rel=\"canonical\" href=\"http:\/\/domainedelenvol.fr\/index.php\/terroirs\/\" \/>\n<meta property=\"og:locale\" content=\"fr_FR\" \/>\n<meta property=\"og:type\" content=\"article\" \/>\n<meta property=\"og:title\" content=\"Terroirs d&#039;Alsace - Vins Bio d&#039;Alsace - Domaine de l&#039;Envol\" \/>\n<meta property=\"og:description\" content=\"Les terroirs alsaciens sont multiples et diversifi\u00e9s. Nous avons la chance de pouvoir travailler sur une mosa\u00efque de sols pour cr\u00e9er des vins d&#039;exception.\" \/>\n<meta property=\"og:url\" content=\"http:\/\/domainedelenvol.fr\/index.php\/terroirs\/\" \/>\n<meta property=\"og:site_name\" content=\"Domaine De l&#039;Envol - Vins d&#039;Alsace\" \/>\n<meta property=\"article:modified_time\" content=\"2023-11-15T10:31:42+00:00\" \/>\n<meta property=\"og:image\" content=\"https:\/\/domainedelenvol.fr\/wp-content\/uploads\/2017\/03\/246040900_914568656160228_2550063432376499076_n-1024x655.jpg\" \/>\n<meta name=\"twitter:card\" content=\"summary_large_image\" \/>\n<meta name=\"twitter:label1\" content=\"Dur\u00e9e de lecture estim\u00e9e\" \/>\n\t<meta name=\"twitter:data1\" content=\"4 minutes\" \/>\n<script type=\"application\/ld+json\" class=\"yoast-schema-graph\">{\"@context\":\"https:\/\/schema.org\",\"@graph\":[{\"@type\":\"WebPage\",\"@id\":\"http:\/\/domainedelenvol.fr\/index.php\/terroirs\/\",\"url\":\"http:\/\/domainedelenvol.fr\/index.php\/terroirs\/\",\"name\":\"Terroirs d'Alsace - Vins Bio d'Alsace - Domaine de l'Envol\",\"isPartOf\":{\"@id\":\"https:\/\/domainedelenvol.fr\/#website\"},\"datePublished\":\"2016-08-05T15:07:44+00:00\",\"dateModified\":\"2023-11-15T10:31:42+00:00\",\"description\":\"Les terroirs alsaciens sont multiples et diversifi\u00e9s. Nous avons la chance de pouvoir travailler sur une mosa\u00efque de sols pour cr\u00e9er des vins d'exception.\",\"breadcrumb\":{\"@id\":\"http:\/\/domainedelenvol.fr\/index.php\/terroirs\/#breadcrumb\"},\"inLanguage\":\"fr-FR\",\"potentialAction\":[{\"@type\":\"ReadAction\",\"target\":[\"http:\/\/domainedelenvol.fr\/index.php\/terroirs\/\"]}]},{\"@type\":\"BreadcrumbList\",\"@id\":\"http:\/\/domainedelenvol.fr\/index.php\/terroirs\/#breadcrumb\",\"itemListElement\":[{\"@type\":\"ListItem\",\"position\":1,\"name\":\"Accueil\",\"item\":\"https:\/\/domainedelenvol.fr\/\"},{\"@type\":\"ListItem\",\"position\":2,\"name\":\"Terroirs\"}]},{\"@type\":\"WebSite\",\"@id\":\"https:\/\/domainedelenvol.fr\/#website\",\"url\":\"https:\/\/domainedelenvol.fr\/\",\"name\":\"Domaine De l&#039;Envol - Vins d&#039;Alsace\",\"description\":\"\",\"publisher\":{\"@id\":\"https:\/\/domainedelenvol.fr\/#organization\"},\"potentialAction\":[{\"@type\":\"SearchAction\",\"target\":{\"@type\":\"EntryPoint\",\"urlTemplate\":\"https:\/\/domainedelenvol.fr\/?s={search_term_string}\"},\"query-input\":\"required name=search_term_string\"}],\"inLanguage\":\"fr-FR\"},{\"@type\":\"Organization\",\"@id\":\"https:\/\/domainedelenvol.fr\/#organization\",\"name\":\"Domaine de l'Envol\",\"url\":\"https:\/\/domainedelenvol.fr\/\",\"logo\":{\"@type\":\"ImageObject\",\"inLanguage\":\"fr-FR\",\"@id\":\"https:\/\/domainedelenvol.fr\/#\/schema\/logo\/image\/\",\"url\":\"https:\/\/domainedelenvol.fr\/wp-content\/uploads\/2017\/04\/cropped-Domaine-de-lEnvol-logo-2.png\",\"contentUrl\":\"https:\/\/domainedelenvol.fr\/wp-content\/uploads\/2017\/04\/cropped-Domaine-de-lEnvol-logo-2.png\",\"width\":1450,\"height\":864,\"caption\":\"Domaine de l'Envol\"},\"image\":{\"@id\":\"https:\/\/domainedelenvol.fr\/#\/schema\/logo\/image\/\"}}]}<\/script>\n<!-- \/ Yoast SEO plugin. -->","yoast_head_json":{"title":"Terroirs d'Alsace - Vins Bio d'Alsace - Domaine de l'Envol","description":"Les terroirs alsaciens sont multiples et diversifi\u00e9s. Nous avons la chance de pouvoir travailler sur une mosa\u00efque de sols pour cr\u00e9er des vins d'exception.","robots":{"index":"index","follow":"follow","max-snippet":"max-snippet:-1","max-image-preview":"max-image-preview:large","max-video-preview":"max-video-preview:-1"},"canonical":"http:\/\/domainedelenvol.fr\/index.php\/terroirs\/","og_locale":"fr_FR","og_type":"article","og_title":"Terroirs d'Alsace - Vins Bio d'Alsace - Domaine de l'Envol","og_description":"Les terroirs alsaciens sont multiples et diversifi\u00e9s. Nous avons la chance de pouvoir travailler sur une mosa\u00efque de sols pour cr\u00e9er des vins d'exception.","og_url":"http:\/\/domainedelenvol.fr\/index.php\/terroirs\/","og_site_name":"Domaine De l&#039;Envol - Vins d&#039;Alsace","article_modified_time":"2023-11-15T10:31:42+00:00","og_image":[{"url":"https:\/\/domainedelenvol.fr\/wp-content\/uploads\/2017\/03\/246040900_914568656160228_2550063432376499076_n-1024x655.jpg"}],"twitter_card":"summary_large_image","twitter_misc":{"Dur\u00e9e de lecture estim\u00e9e":"4 minutes"},"schema":{"@context":"https:\/\/schema.org","@graph":[{"@type":"WebPage","@id":"http:\/\/domainedelenvol.fr\/index.php\/terroirs\/","url":"http:\/\/domainedelenvol.fr\/index.php\/terroirs\/","name":"Terroirs d'Alsace - Vins Bio d'Alsace - Domaine de l'Envol","isPartOf":{"@id":"https:\/\/domainedelenvol.fr\/#website"},"datePublished":"2016-08-05T15:07:44+00:00","dateModified":"2023-11-15T10:31:42+00:00","description":"Les terroirs alsaciens sont multiples et diversifi\u00e9s. Nous avons la chance de pouvoir travailler sur une mosa\u00efque de sols pour cr\u00e9er des vins d'exception.","breadcrumb":{"@id":"http:\/\/domainedelenvol.fr\/index.php\/terroirs\/#breadcrumb"},"inLanguage":"fr-FR","potentialAction":[{"@type":"ReadAction","target":["http:\/\/domainedelenvol.fr\/index.php\/terroirs\/"]}]},{"@type":"BreadcrumbList","@id":"http:\/\/domainedelenvol.fr\/index.php\/terroirs\/#breadcrumb","itemListElement":[{"@type":"ListItem","position":1,"name":"Accueil","item":"https:\/\/domainedelenvol.fr\/"},{"@type":"ListItem","position":2,"name":"Terroirs"}]},{"@type":"WebSite","@id":"https:\/\/domainedelenvol.fr\/#website","url":"https:\/\/domainedelenvol.fr\/","name":"Domaine De l&#039;Envol - Vins d&#039;Alsace","description":"","publisher":{"@id":"https:\/\/domainedelenvol.fr\/#organization"},"potentialAction":[{"@type":"SearchAction","target":{"@type":"EntryPoint","urlTemplate":"https:\/\/domainedelenvol.fr\/?s={search_term_string}"},"query-input":"required name=search_term_string"}],"inLanguage":"fr-FR"},{"@type":"Organization","@id":"https:\/\/domainedelenvol.fr\/#organization","name":"Domaine de l'Envol","url":"https:\/\/domainedelenvol.fr\/","logo":{"@type":"ImageObject","inLanguage":"fr-FR","@id":"https:\/\/domainedelenvol.fr\/#\/schema\/logo\/image\/","url":"https:\/\/domainedelenvol.fr\/wp-content\/uploads\/2017\/04\/cropped-Domaine-de-lEnvol-logo-2.png","contentUrl":"https:\/\/domainedelenvol.fr\/wp-content\/uploads\/2017\/04\/cropped-Domaine-de-lEnvol-logo-2.png","width":1450,"height":864,"caption":"Domaine de l'Envol"},"image":{"@id":"https:\/\/domainedelenvol.fr\/#\/schema\/logo\/image\/"}}]}},"_links":{"self":[{"href":"https:\/\/domainedelenvol.fr\/index.php\/wp-json\/wp\/v2\/pages\/8"}],"collection":[{"href":"https:\/\/domainedelenvol.fr\/index.php\/wp-json\/wp\/v2\/pages"}],"about":[{"href":"https:\/\/domainedelenvol.fr\/index.php\/wp-json\/wp\/v2\/types\/page"}],"author":[{"embeddable":true,"href":"https:\/\/domainedelenvol.fr\/index.php\/wp-json\/wp\/v2\/users\/1"}],"replies":[{"embeddable":true,"href":"https:\/\/domainedelenvol.fr\/index.php\/wp-json\/wp\/v2\/comments?post=8"}],"version-history":[{"count":55,"href":"https:\/\/domainedelenvol.fr\/index.php\/wp-json\/wp\/v2\/pages\/8\/revisions"}],"predecessor-version":[{"id":2197,"href":"https:\/\/domainedelenvol.fr\/index.php\/wp-json\/wp\/v2\/pages\/8\/revisions\/2197"}],"wp:attachment":[{"href":"https:\/\/domainedelenvol.fr\/index.php\/wp-json\/wp\/v2\/media?parent=8"}],"curies":[{"name":"wp","href":"https:\/\/api.w.org\/{rel}","templated":true}]}}