{"id":620,"date":"2017-04-01T17:30:56","date_gmt":"2017-04-01T16:30:56","guid":{"rendered":"http:\/\/domainedelenvol.fr\/?page_id=620"},"modified":"2023-11-15T10:58:41","modified_gmt":"2023-11-15T09:58:41","slug":"notre-histoire","status":"publish","type":"page","link":"https:\/\/domainedelenvol.fr\/index.php\/notre-histoire\/","title":{"rendered":"L&rsquo;\u00e9quipe &#038; notre Histoire"},"content":{"rendered":"\n<div class=\"wp-block-columns is-layout-flex wp-container-core-columns-layout-1 wp-block-columns-is-layout-flex\">\n<div class=\"wp-block-column is-layout-flow wp-block-column-is-layout-flow\" style=\"flex-basis:100%\"><div class=\"wp-block-image\">\n<figure class=\"aligncenter size-large is-resized\"><img loading=\"lazy\" decoding=\"async\" width=\"1356\" height=\"899\" src=\"https:\/\/domainedelenvol.fr\/wp-content\/uploads\/2023\/11\/Lequipe-du-DOmaine-de-lEnvol-edited.jpg\" alt=\"\" class=\"wp-image-2174\" style=\"width:520px;height:auto\" srcset=\"https:\/\/domainedelenvol.fr\/wp-content\/uploads\/2023\/11\/Lequipe-du-DOmaine-de-lEnvol-edited.jpg 1356w, https:\/\/domainedelenvol.fr\/wp-content\/uploads\/2023\/11\/Lequipe-du-DOmaine-de-lEnvol-edited-300x199.jpg 300w, https:\/\/domainedelenvol.fr\/wp-content\/uploads\/2023\/11\/Lequipe-du-DOmaine-de-lEnvol-edited-1024x679.jpg 1024w, https:\/\/domainedelenvol.fr\/wp-content\/uploads\/2023\/11\/Lequipe-du-DOmaine-de-lEnvol-edited-768x509.jpg 768w\" sizes=\"(max-width: 1356px) 100vw, 1356px\" \/><\/figure><\/div><\/div>\n<\/div>\n\n\n\n<hr class=\"wp-block-separator has-alpha-channel-opacity\"\/>\n\n\n<p><span style=\"color: #edc465;\"><strong>Une union de 2 familles en Ao\u00fbt 2016, voici son histoire&#8230;<\/strong><\/span><\/p>\n<p>La famille Hirsinger et la Maison Jean Freudenreich pionnier dans la vente en bouteilles, se sont unies en Ao\u00fbt 2016 pour donner naissance au Domaine de l\u2019Envol dans l\u2019ambition de produire des vins ancr\u00e9s dans leurs terroirs avec le minimum d\u2019intrants \u00e0 la vigne comme \u00e0 la cave.<\/p>\n<p>L\u2019union des deux domaines nous pousse \u00e0 adopter une nouvelle identit\u00e9 visuelle, le choix de l\u2019illustration reprenant pour symbole l\u2019harmonie et le dynamisme pr\u00e9sents dans nos vignes, en coh\u00e9rence avec notre philosophie et nos valeurs.<\/p>\n<p>\u00a0<\/p>\n<p><span style=\"color: #edc465;\"><strong>Le Domaine de L&rsquo;Envol c&rsquo;est un lieu de<span style=\"color: #edc465;\"> vie avec une \u00e9quipe de pas<\/span>sionn\u00e9s,<\/strong><\/span> tous diff\u00e9rents et compl\u00e9mentaires dans leurs comp\u00e9tences et dans leurs temp\u00e9raments, chacun des membres de la famille s\u2019investit avec conviction pour cr\u00e9er des vins d&rsquo;\u00e9motion.<\/p>\n<p><strong>Bernard <\/strong>HIRSINGER<strong>,<\/strong> chef de culture et g\u00e9rant du Domaine, qui reprend les vignes de ses parents en 1985, puis son \u00e9pouse <strong>Manuela <\/strong>HIRSINGER le rejoint en 1988. Ensemble ils d\u00e9veloppent la surface de l&rsquo;exploitation. Dans les ann\u00e9es 2000, ils tendent de plus en plus vers une culture de la vigne soucieuse de son environnement pour finalement entamer la conversion en culture biologique en 2010. <span style=\"color: #000000;\">(Voir <a style=\"color: #000000;\" href=\"http:\/\/domainedelenvol.fr\/index.php\/notre-philosophie\/\" target=\"_blank\" rel=\"noopener noreferrer\">Notre Philosophie<\/a>)<\/span><\/p>\n<p><strong> Daniel <\/strong>HIRSINGER<strong>,<\/strong>\u00a0fils de Bernard et Manuela s&rsquo;installe en 2010 sur l&rsquo;exploitation, apr\u00e8s avoir obtenu son dipl\u00f4me dans la viticulture au Lyc\u00e9e Agricole de Rouffach, son aide \u00e0 la culture de la vigne devenait indispensable ! Apr\u00e8s quelques ann\u00e9es \u00e0 approfondir ses connaissances dans les vignes, Daniel ressent le besoin d&rsquo;aller plus loin encore et souhaite d&rsquo;un commun accord avec ses associ\u00e9s entreprendre une nouvelle r\u00e9volution apr\u00e8s la conversion en agriculture biologique. En effet, apr\u00e8s des ann\u00e9es de ventes de raisin en tant que coop\u00e9rateurs, le virage vers le statut de vigneron r\u00e9coltant fut une \u00e9vidence accompagn\u00e9s par Catherine et Rapha\u00ebl.<\/p>\n<p><strong>Catherine <\/strong>HIRSINGER, fille de Bernard et Manuela rencontre Rapha\u00ebl, \u00e0 l&rsquo;issu de son ann\u00e9e d&rsquo;Ambassadrice du vignoble alsacien (Reine des Vins d&rsquo;Alsace 2010). Apr\u00e8s avoir obtenu une licence en commerce des vins et spiritueux elle d\u00e9cide dans un premier temps de travailler \u00e0 l\u2019ext\u00e9rieur, c&rsquo;est par amour pour la vigne et la nature qu&rsquo;elle d\u00e9cide petit \u00e0 petit de revenir sur l&rsquo;exploitation familiale. En charge du d\u00e9veloppement commercial et de la bonne gestion elle assure le suivi et la valorisation du Domaine.<\/p>\n<p><strong>Rapha\u00ebl <\/strong>MARCHAL, fils de Robert et Elisabeth MARCHAL, ma\u00eetre de Chai depuis 2008, il rejoint en 2014 le Domaine de ses parents, Vins Jean Freudenreich, vigneron ind\u00e9pendant \u00e0 Pfaffenheim. Pendant 2 ans Catherine partage son temps entre le d\u00e9veloppement de la client\u00e8le du vignoble Jean Freudenreich et les travaux de la vigne sur les deux exploitations. Fort d&rsquo;une exp\u00e9rience dans la vinification, Rapha\u00ebl nous guide dans notre qu\u00eate de qualit\u00e9 par ses conseils, ses id\u00e9es et son ouverture d\u2019esprit.<\/p>\n<blockquote>\n<p><strong>C&rsquo;est en Ao\u00fbt 2016 que Rapha\u00ebl et Catherine s&rsquo;associent \u00e0 Daniel, Bernard et Manuela pour donner naissance au Domaine de l&rsquo;Envol !<\/strong><\/p>\n<\/blockquote>\n<p><img loading=\"lazy\" decoding=\"async\" class=\"wp-image-693 alignleft\" src=\"http:\/\/domainedelenvol.fr\/wp-content\/uploads\/2017\/04\/photo-ronde-eddy-300x300.png\" alt=\"\" width=\"115\" height=\"115\" srcset=\"https:\/\/domainedelenvol.fr\/wp-content\/uploads\/2017\/04\/photo-ronde-eddy-300x300.png 300w, https:\/\/domainedelenvol.fr\/wp-content\/uploads\/2017\/04\/photo-ronde-eddy-150x150.png 150w, https:\/\/domainedelenvol.fr\/wp-content\/uploads\/2017\/04\/photo-ronde-eddy-160x160.png 160w, https:\/\/domainedelenvol.fr\/wp-content\/uploads\/2017\/04\/photo-ronde-eddy-320x320.png 320w, https:\/\/domainedelenvol.fr\/wp-content\/uploads\/2017\/04\/photo-ronde-eddy.png 554w\" sizes=\"(max-width: 115px) 100vw, 115px\" \/><\/p>\n<p>Enfin n&rsquo;oublions pas le futur compagnon de cave, Eddy, la mascotte de la Famille, qui nous soutient \u00e0 sa fa\u00e7on dans cette belle aventure !<\/p>\n<p><strong>Un nouveau projet, mais l&rsquo;amour pour notre vignoble est beaucoup plus ancien.<\/strong><\/p>\n<p>En effet nos deux familles sont li\u00e9es \u00e0 la vigne depuis de nombreuses g\u00e9n\u00e9ration.<\/p>\n<p>Le grand p\u00e8re de Rapha\u00ebl, Jean Freudenreich\u00a0 a continu\u00e9 dans la lign\u00e9e de ses anc\u00eatres, la premi\u00e8re mise en bouteille se fera en 1937 pour la premi\u00e8re messe de son fr\u00e8re Xavier, p\u00e8re j\u00e9suite. Avec l\u2019aide de son \u00e9pouse Jeanne il continue \u00e0 exploiter les vignes re\u00e7us de leurs parents, \u00e0 c\u00f4t\u00e9 de son m\u00e9tier principal de m\u00e9canicien en machines agricoles. Fin des ann\u00e9es 1970, avec l\u2019aide de sa fille Elisabeth et de son gendre Robert Marchal (les parents de Rapha\u00ebl) reprennent l\u2019exploitation et l\u2019agrandissent, l\u2019offre des c\u00e9pages s\u2019\u00e9toffent et l&rsquo;\u00e9laboration d&rsquo;un AOC Cr\u00e9mant d\u2019 Alsace rencontre un vif succ\u00e8s aupr\u00e8s des clients.<\/p>\n<p>Et lorsque l&rsquo;on parle des vendanges en famille, la mamie \u00e0 Catherine et Daniel\u00a0 Hirsinger, nous fait part de ses souvenirs en photos :<\/p>\n<p><img loading=\"lazy\" decoding=\"async\" class=\" wp-image-1069 alignleft\" src=\"http:\/\/domainedelenvol.fr\/wp-content\/uploads\/2017\/04\/20030977_1578962242135232_127244794_n-300x210.jpg\" alt=\"\" width=\"363\" height=\"254\" srcset=\"https:\/\/domainedelenvol.fr\/wp-content\/uploads\/2017\/04\/20030977_1578962242135232_127244794_n-300x210.jpg 300w, https:\/\/domainedelenvol.fr\/wp-content\/uploads\/2017\/04\/20030977_1578962242135232_127244794_n-768x538.jpg 768w, https:\/\/domainedelenvol.fr\/wp-content\/uploads\/2017\/04\/20030977_1578962242135232_127244794_n.jpg 960w\" sizes=\"(max-width: 363px) 100vw, 363px\" \/><\/p>\n<p style=\"text-align: center;\">L&rsquo;effervescence des vendanges, mill\u00e9sime 1940, sur les hauteur de Katzenthal, au Wineck &#8211; Schlossberg.<\/p>\n<p><img loading=\"lazy\" decoding=\"async\" class=\"wp-image-1070 alignleft\" src=\"http:\/\/domainedelenvol.fr\/wp-content\/uploads\/2017\/04\/20068209_1578961642135292_200737076_n-300x203.jpg\" alt=\"\" width=\"381\" height=\"258\" srcset=\"https:\/\/domainedelenvol.fr\/wp-content\/uploads\/2017\/04\/20068209_1578961642135292_200737076_n-300x203.jpg 300w, https:\/\/domainedelenvol.fr\/wp-content\/uploads\/2017\/04\/20068209_1578961642135292_200737076_n-768x519.jpg 768w, https:\/\/domainedelenvol.fr\/wp-content\/uploads\/2017\/04\/20068209_1578961642135292_200737076_n.jpg 960w\" sizes=\"(max-width: 381px) 100vw, 381px\" \/><\/p>","protected":false},"excerpt":{"rendered":"<p>Une union de 2 familles en Ao\u00fbt 2016, voici son histoire&#8230; La famille Hirsinger et la Maison Jean Freudenreich pionnier dans la vente en bouteilles, se sont unies en Ao\u00fbt 2016 pour donner naissance&#46;&#46;&#46;<\/p>\n","protected":false},"author":1,"featured_media":0,"parent":0,"menu_order":0,"comment_status":"closed","ping_status":"closed","template":"","meta":{"footnotes":""},"yoast_head":"<!-- This site is optimized with the Yoast SEO plugin v21.5 - https:\/\/yoast.com\/wordpress\/plugins\/seo\/ -->\n<title>L&#039;\u00e9quipe &amp; notre Histoire - Domaine De l&#039;Envol - Vins d&#039;Alsace<\/title>\n<meta name=\"robots\" content=\"index, follow, max-snippet:-1, max-image-preview:large, max-video-preview:-1\" \/>\n<link rel=\"canonical\" href=\"http:\/\/domainedelenvol.fr\/index.php\/notre-histoire\/\" \/>\n<meta property=\"og:locale\" content=\"fr_FR\" \/>\n<meta property=\"og:type\" content=\"article\" \/>\n<meta property=\"og:title\" content=\"L&#039;\u00e9quipe &amp; notre Histoire - Domaine De l&#039;Envol - Vins d&#039;Alsace\" \/>\n<meta property=\"og:description\" content=\"Une union de 2 familles en Ao\u00fbt 2016, voici son histoire&#8230; La famille Hirsinger et la Maison Jean Freudenreich pionnier dans la vente en bouteilles, se sont unies en Ao\u00fbt 2016 pour donner naissance&#046;&#046;&#046;\" \/>\n<meta property=\"og:url\" content=\"http:\/\/domainedelenvol.fr\/index.php\/notre-histoire\/\" \/>\n<meta property=\"og:site_name\" content=\"Domaine De l&#039;Envol - Vins d&#039;Alsace\" \/>\n<meta property=\"article:modified_time\" content=\"2023-11-15T09:58:41+00:00\" \/>\n<meta property=\"og:image\" content=\"https:\/\/domainedelenvol.fr\/wp-content\/uploads\/2023\/11\/Lequipe-du-DOmaine-de-lEnvol-edited.jpg\" \/>\n<meta name=\"twitter:card\" content=\"summary_large_image\" \/>\n<meta name=\"twitter:label1\" content=\"Dur\u00e9e de lecture estim\u00e9e\" \/>\n\t<meta name=\"twitter:data1\" content=\"5 minutes\" \/>\n<script type=\"application\/ld+json\" class=\"yoast-schema-graph\">{\"@context\":\"https:\/\/schema.org\",\"@graph\":[{\"@type\":\"WebPage\",\"@id\":\"http:\/\/domainedelenvol.fr\/index.php\/notre-histoire\/\",\"url\":\"http:\/\/domainedelenvol.fr\/index.php\/notre-histoire\/\",\"name\":\"L'\u00e9quipe & notre Histoire - Domaine De l&#039;Envol - Vins d&#039;Alsace\",\"isPartOf\":{\"@id\":\"https:\/\/domainedelenvol.fr\/#website\"},\"datePublished\":\"2017-04-01T16:30:56+00:00\",\"dateModified\":\"2023-11-15T09:58:41+00:00\",\"breadcrumb\":{\"@id\":\"http:\/\/domainedelenvol.fr\/index.php\/notre-histoire\/#breadcrumb\"},\"inLanguage\":\"fr-FR\",\"potentialAction\":[{\"@type\":\"ReadAction\",\"target\":[\"http:\/\/domainedelenvol.fr\/index.php\/notre-histoire\/\"]}]},{\"@type\":\"BreadcrumbList\",\"@id\":\"http:\/\/domainedelenvol.fr\/index.php\/notre-histoire\/#breadcrumb\",\"itemListElement\":[{\"@type\":\"ListItem\",\"position\":1,\"name\":\"Accueil\",\"item\":\"https:\/\/domainedelenvol.fr\/\"},{\"@type\":\"ListItem\",\"position\":2,\"name\":\"L&rsquo;\u00e9quipe &#038; notre Histoire\"}]},{\"@type\":\"WebSite\",\"@id\":\"https:\/\/domainedelenvol.fr\/#website\",\"url\":\"https:\/\/domainedelenvol.fr\/\",\"name\":\"Domaine De l&#039;Envol - Vins d&#039;Alsace\",\"description\":\"\",\"publisher\":{\"@id\":\"https:\/\/domainedelenvol.fr\/#organization\"},\"potentialAction\":[{\"@type\":\"SearchAction\",\"target\":{\"@type\":\"EntryPoint\",\"urlTemplate\":\"https:\/\/domainedelenvol.fr\/?s={search_term_string}\"},\"query-input\":\"required name=search_term_string\"}],\"inLanguage\":\"fr-FR\"},{\"@type\":\"Organization\",\"@id\":\"https:\/\/domainedelenvol.fr\/#organization\",\"name\":\"Domaine de l'Envol\",\"url\":\"https:\/\/domainedelenvol.fr\/\",\"logo\":{\"@type\":\"ImageObject\",\"inLanguage\":\"fr-FR\",\"@id\":\"https:\/\/domainedelenvol.fr\/#\/schema\/logo\/image\/\",\"url\":\"https:\/\/domainedelenvol.fr\/wp-content\/uploads\/2017\/04\/cropped-Domaine-de-lEnvol-logo-2.png\",\"contentUrl\":\"https:\/\/domainedelenvol.fr\/wp-content\/uploads\/2017\/04\/cropped-Domaine-de-lEnvol-logo-2.png\",\"width\":1450,\"height\":864,\"caption\":\"Domaine de l'Envol\"},\"image\":{\"@id\":\"https:\/\/domainedelenvol.fr\/#\/schema\/logo\/image\/\"}}]}<\/script>\n<!-- \/ Yoast SEO plugin. -->","yoast_head_json":{"title":"L'\u00e9quipe & notre Histoire - Domaine De l&#039;Envol - Vins d&#039;Alsace","robots":{"index":"index","follow":"follow","max-snippet":"max-snippet:-1","max-image-preview":"max-image-preview:large","max-video-preview":"max-video-preview:-1"},"canonical":"http:\/\/domainedelenvol.fr\/index.php\/notre-histoire\/","og_locale":"fr_FR","og_type":"article","og_title":"L'\u00e9quipe & notre Histoire - Domaine De l&#039;Envol - Vins d&#039;Alsace","og_description":"Une union de 2 familles en Ao\u00fbt 2016, voici son histoire&#8230; La famille Hirsinger et la Maison Jean Freudenreich pionnier dans la vente en bouteilles, se sont unies en Ao\u00fbt 2016 pour donner naissance&#46;&#46;&#46;","og_url":"http:\/\/domainedelenvol.fr\/index.php\/notre-histoire\/","og_site_name":"Domaine De l&#039;Envol - Vins d&#039;Alsace","article_modified_time":"2023-11-15T09:58:41+00:00","og_image":[{"url":"https:\/\/domainedelenvol.fr\/wp-content\/uploads\/2023\/11\/Lequipe-du-DOmaine-de-lEnvol-edited.jpg"}],"twitter_card":"summary_large_image","twitter_misc":{"Dur\u00e9e de lecture estim\u00e9e":"5 minutes"},"schema":{"@context":"https:\/\/schema.org","@graph":[{"@type":"WebPage","@id":"http:\/\/domainedelenvol.fr\/index.php\/notre-histoire\/","url":"http:\/\/domainedelenvol.fr\/index.php\/notre-histoire\/","name":"L'\u00e9quipe & notre Histoire - Domaine De l&#039;Envol - Vins d&#039;Alsace","isPartOf":{"@id":"https:\/\/domainedelenvol.fr\/#website"},"datePublished":"2017-04-01T16:30:56+00:00","dateModified":"2023-11-15T09:58:41+00:00","breadcrumb":{"@id":"http:\/\/domainedelenvol.fr\/index.php\/notre-histoire\/#breadcrumb"},"inLanguage":"fr-FR","potentialAction":[{"@type":"ReadAction","target":["http:\/\/domainedelenvol.fr\/index.php\/notre-histoire\/"]}]},{"@type":"BreadcrumbList","@id":"http:\/\/domainedelenvol.fr\/index.php\/notre-histoire\/#breadcrumb","itemListElement":[{"@type":"ListItem","position":1,"name":"Accueil","item":"https:\/\/domainedelenvol.fr\/"},{"@type":"ListItem","position":2,"name":"L&rsquo;\u00e9quipe &#038; notre Histoire"}]},{"@type":"WebSite","@id":"https:\/\/domainedelenvol.fr\/#website","url":"https:\/\/domainedelenvol.fr\/","name":"Domaine De l&#039;Envol - Vins d&#039;Alsace","description":"","publisher":{"@id":"https:\/\/domainedelenvol.fr\/#organization"},"potentialAction":[{"@type":"SearchAction","target":{"@type":"EntryPoint","urlTemplate":"https:\/\/domainedelenvol.fr\/?s={search_term_string}"},"query-input":"required name=search_term_string"}],"inLanguage":"fr-FR"},{"@type":"Organization","@id":"https:\/\/domainedelenvol.fr\/#organization","name":"Domaine de l'Envol","url":"https:\/\/domainedelenvol.fr\/","logo":{"@type":"ImageObject","inLanguage":"fr-FR","@id":"https:\/\/domainedelenvol.fr\/#\/schema\/logo\/image\/","url":"https:\/\/domainedelenvol.fr\/wp-content\/uploads\/2017\/04\/cropped-Domaine-de-lEnvol-logo-2.png","contentUrl":"https:\/\/domainedelenvol.fr\/wp-content\/uploads\/2017\/04\/cropped-Domaine-de-lEnvol-logo-2.png","width":1450,"height":864,"caption":"Domaine de l'Envol"},"image":{"@id":"https:\/\/domainedelenvol.fr\/#\/schema\/logo\/image\/"}}]}},"_links":{"self":[{"href":"https:\/\/domainedelenvol.fr\/index.php\/wp-json\/wp\/v2\/pages\/620"}],"collection":[{"href":"https:\/\/domainedelenvol.fr\/index.php\/wp-json\/wp\/v2\/pages"}],"about":[{"href":"https:\/\/domainedelenvol.fr\/index.php\/wp-json\/wp\/v2\/types\/page"}],"author":[{"embeddable":true,"href":"https:\/\/domainedelenvol.fr\/index.php\/wp-json\/wp\/v2\/users\/1"}],"replies":[{"embeddable":true,"href":"https:\/\/domainedelenvol.fr\/index.php\/wp-json\/wp\/v2\/comments?post=620"}],"version-history":[{"count":32,"href":"https:\/\/domainedelenvol.fr\/index.php\/wp-json\/wp\/v2\/pages\/620\/revisions"}],"predecessor-version":[{"id":2176,"href":"https:\/\/domainedelenvol.fr\/index.php\/wp-json\/wp\/v2\/pages\/620\/revisions\/2176"}],"wp:attachment":[{"href":"https:\/\/domainedelenvol.fr\/index.php\/wp-json\/wp\/v2\/media?parent=620"}],"curies":[{"name":"wp","href":"https:\/\/api.w.org\/{rel}","templated":true}]}}