{"id":6,"date":"2016-08-05T16:07:05","date_gmt":"2016-08-05T15:07:05","guid":{"rendered":"http:\/\/domainedelenvol.fr\/?page_id=6"},"modified":"2024-07-26T10:28:31","modified_gmt":"2024-07-26T09:28:31","slug":"accueil","status":"publish","type":"page","link":"https:\/\/domainedelenvol.fr\/","title":{"rendered":"Bienvenue"},"content":{"rendered":"\n<figure class=\"wp-block-gallery has-nested-images columns-default is-cropped wp-block-gallery-1 is-layout-flex wp-block-gallery-is-layout-flex\">\n<figure class=\"wp-block-image size-large\"><img loading=\"lazy\" decoding=\"async\" width=\"1024\" height=\"683\" data-id=\"2148\" src=\"https:\/\/domainedelenvol.fr\/wp-content\/uploads\/2023\/11\/DJI_0257-1024x683.jpg\" alt=\"\" class=\"wp-image-2148\" srcset=\"https:\/\/domainedelenvol.fr\/wp-content\/uploads\/2023\/11\/DJI_0257-1024x683.jpg 1024w, https:\/\/domainedelenvol.fr\/wp-content\/uploads\/2023\/11\/DJI_0257-300x200.jpg 300w, https:\/\/domainedelenvol.fr\/wp-content\/uploads\/2023\/11\/DJI_0257-768x512.jpg 768w, https:\/\/domainedelenvol.fr\/wp-content\/uploads\/2023\/11\/DJI_0257-1536x1024.jpg 1536w, https:\/\/domainedelenvol.fr\/wp-content\/uploads\/2023\/11\/DJI_0257.jpg 1920w\" sizes=\"(max-width: 1024px) 100vw, 1024px\" \/><\/figure>\n\n\n\n<figure class=\"wp-block-image size-large\"><img loading=\"lazy\" decoding=\"async\" width=\"512\" height=\"512\" data-id=\"1645\" src=\"https:\/\/domainedelenvol.fr\/wp-content\/uploads\/2016\/08\/cropped-domainedelenvol.jpg\" alt=\"\" class=\"wp-image-1645\" srcset=\"https:\/\/domainedelenvol.fr\/wp-content\/uploads\/2016\/08\/cropped-domainedelenvol.jpg 512w, https:\/\/domainedelenvol.fr\/wp-content\/uploads\/2016\/08\/cropped-domainedelenvol-150x150.jpg 150w, https:\/\/domainedelenvol.fr\/wp-content\/uploads\/2016\/08\/cropped-domainedelenvol-300x300.jpg 300w, https:\/\/domainedelenvol.fr\/wp-content\/uploads\/2016\/08\/cropped-domainedelenvol-160x160.jpg 160w, https:\/\/domainedelenvol.fr\/wp-content\/uploads\/2016\/08\/cropped-domainedelenvol-320x320.jpg 320w\" sizes=\"(max-width: 512px) 100vw, 512px\" \/><\/figure>\n\n\n\n<figure class=\"wp-block-image size-large\"><img loading=\"lazy\" decoding=\"async\" width=\"1024\" height=\"397\" data-id=\"2151\" src=\"https:\/\/domainedelenvol.fr\/wp-content\/uploads\/2023\/11\/CH78318-1024x397.jpg\" alt=\"\" class=\"wp-image-2151\" srcset=\"https:\/\/domainedelenvol.fr\/wp-content\/uploads\/2023\/11\/CH78318-1024x397.jpg 1024w, https:\/\/domainedelenvol.fr\/wp-content\/uploads\/2023\/11\/CH78318-300x116.jpg 300w, https:\/\/domainedelenvol.fr\/wp-content\/uploads\/2023\/11\/CH78318-768x298.jpg 768w, https:\/\/domainedelenvol.fr\/wp-content\/uploads\/2023\/11\/CH78318-1536x596.jpg 1536w, https:\/\/domainedelenvol.fr\/wp-content\/uploads\/2023\/11\/CH78318.jpg 1920w\" sizes=\"(max-width: 1024px) 100vw, 1024px\" \/><\/figure>\n\n\n\n<figure class=\"wp-block-image size-large\"><img loading=\"lazy\" decoding=\"async\" width=\"1024\" height=\"684\" data-id=\"1696\" src=\"https:\/\/domainedelenvol.fr\/wp-content\/uploads\/2017\/03\/katzenthal.automne-1024x684.jpg\" alt=\"\" class=\"wp-image-1696\" srcset=\"https:\/\/domainedelenvol.fr\/wp-content\/uploads\/2017\/03\/katzenthal.automne-1024x684.jpg 1024w, https:\/\/domainedelenvol.fr\/wp-content\/uploads\/2017\/03\/katzenthal.automne-300x200.jpg 300w, https:\/\/domainedelenvol.fr\/wp-content\/uploads\/2017\/03\/katzenthal.automne-768x513.jpg 768w, https:\/\/domainedelenvol.fr\/wp-content\/uploads\/2017\/03\/katzenthal.automne-272x182.jpg 272w, https:\/\/domainedelenvol.fr\/wp-content\/uploads\/2017\/03\/katzenthal.automne.jpg 1618w\" sizes=\"(max-width: 1024px) 100vw, 1024px\" \/><\/figure>\n\n\n\n<figure class=\"wp-block-image size-large\"><img loading=\"lazy\" decoding=\"async\" width=\"1024\" height=\"768\" data-id=\"2150\" src=\"https:\/\/domainedelenvol.fr\/wp-content\/uploads\/2023\/11\/20220530_153916-1024x768.jpg\" alt=\"\" class=\"wp-image-2150\" srcset=\"https:\/\/domainedelenvol.fr\/wp-content\/uploads\/2023\/11\/20220530_153916-1024x768.jpg 1024w, https:\/\/domainedelenvol.fr\/wp-content\/uploads\/2023\/11\/20220530_153916-300x225.jpg 300w, https:\/\/domainedelenvol.fr\/wp-content\/uploads\/2023\/11\/20220530_153916-768x576.jpg 768w, https:\/\/domainedelenvol.fr\/wp-content\/uploads\/2023\/11\/20220530_153916-1536x1152.jpg 1536w, https:\/\/domainedelenvol.fr\/wp-content\/uploads\/2023\/11\/20220530_153916.jpg 1920w\" sizes=\"(max-width: 1024px) 100vw, 1024px\" \/><\/figure>\n<\/figure>\n\n\n\n<hr class=\"wp-block-separator has-alpha-channel-opacity\"\/>\n\n\n<div class=\"wp-block-image\">\n<figure class=\"aligncenter size-full is-resized\"><img loading=\"lazy\" decoding=\"async\" width=\"1772\" height=\"2362\" src=\"https:\/\/domainedelenvol.fr\/wp-content\/uploads\/2024\/07\/new-label-Logo_Jaune-002.jpg\" alt=\"\" class=\"wp-image-2262\" style=\"width:269px;height:auto\" srcset=\"https:\/\/domainedelenvol.fr\/wp-content\/uploads\/2024\/07\/new-label-Logo_Jaune-002.jpg 1772w, https:\/\/domainedelenvol.fr\/wp-content\/uploads\/2024\/07\/new-label-Logo_Jaune-002-225x300.jpg 225w, https:\/\/domainedelenvol.fr\/wp-content\/uploads\/2024\/07\/new-label-Logo_Jaune-002-768x1024.jpg 768w, https:\/\/domainedelenvol.fr\/wp-content\/uploads\/2024\/07\/new-label-Logo_Jaune-002-1152x1536.jpg 1152w, https:\/\/domainedelenvol.fr\/wp-content\/uploads\/2024\/07\/new-label-Logo_Jaune-002-1536x2048.jpg 1536w\" sizes=\"(max-width: 1772px) 100vw, 1772px\" \/><\/figure><\/div>\n\n<div id=\"pl-6\" class=\"panel-layout\">\n<div id=\"pg-6-0\" class=\"panel-grid panel-no-style\">\n<div id=\"pgc-6-0-0\" class=\"panel-grid-cell\" data-weight=\"1\">\n<div id=\"panel-6-0-0-0\" class=\"so-panel widget widget_widget_sp_image widget_sp_image panel-first-child\" data-index=\"0\" data-style=\"{&quot;background_display&quot;:&quot;tile&quot;}\">\u00a0<\/div>\n<div id=\"panel-6-0-0-1\" class=\"so-panel widget widget_sow-editor\" data-index=\"1\" data-style=\"{&quot;background_display&quot;:&quot;tile&quot;}\">\n<div class=\"so-widget-sow-editor so-widget-sow-editor-base\">\n<div class=\"siteorigin-widget-tinymce textwidget\">\n<p style=\"text-align: left;\"><strong><span style=\"color: #000000;\"><em>\u00ab\u00a0Vous offrir une \u00e9motion unique\u00a0\u00bb<\/em><\/span><\/strong><\/p>\n<p style=\"text-align: left;\">Bienvenue au Domaine de l&rsquo;Envol, vignerons en biodynamie \u00e0 Ingersheim.<br \/>Toute la famille Bernard, Manuela, Daniel, Rapha\u00ebl et Catherine vous souhaitent une agr\u00e9able visite &#8230;<\/p>\n<p style=\"text-align: left;\">Pour nous, l&rsquo;expression de nos terroirs passe par une observation continue de nos vignes et de la nature qui l&rsquo;entoure, la base n\u00e9cessaire \u00e0 la production de vins de terroirs est un sol vivant.\u00a0 \u00a0 \u00a0\u00a0 \u00a0 \u00a0 \u00a0<\/p>\n<\/div>\n<\/div>\n<\/div>\n<\/div>\n<\/div>\n<\/div>\n<div id=\"pl-6\" class=\"panel-layout\">\n<div id=\"pg-6-0\" class=\"panel-grid panel-no-style\">\n<div id=\"pgc-6-0-0\" class=\"panel-grid-cell\" data-weight=\"1\">\n<div id=\"panel-6-0-0-3\" class=\"so-panel widget widget_sow-editor\" data-index=\"3\" data-style=\"{&quot;background_display&quot;:&quot;tile&quot;}\">\n<div class=\"so-widget-sow-editor so-widget-sow-editor-base\">\n<div class=\"siteorigin-widget-tinymce textwidget\">\n<p style=\"text-align: left;\">Une des forces de la biodynamie c&rsquo;est qu&rsquo;il n\u2019y a rien de scientifique dans ses pratiques. C&rsquo;est un mode de culture et de vinification o\u00f9 le r\u00e9sultat n\u2019est pas d\u00e9termin\u00e9 par un laboratoire, mais bel et bien par l\u2019interaction entre le vigneron et son environnement, sa vigne, son raisin et le jus qui en d\u00e9coule.<\/p>\n<\/div>\n<\/div>\n<\/div>\n<div id=\"panel-6-0-0-4\" class=\"so-panel widget widget_sow-editor\" data-index=\"4\" data-style=\"{&quot;background_display&quot;:&quot;tile&quot;}\">\n<div class=\"so-widget-sow-editor so-widget-sow-editor-base\">\n<div class=\"siteorigin-widget-tinymce textwidget\" style=\"text-align: left;\">\n<hr \/>\n<p style=\"text-align: justify;\">Nous sommes situ\u00e9s au centre de la route des vins d\u2019Alsace, <span class=\"gras\">\u00e0 proximit\u00e9 <\/span>de Colmar, \u00e0 Ingersheim, \u00e0 l&rsquo;entr\u00e9e de la vall\u00e9e de Kaysersberg.<a href=\"http:\/\/domainedelenvol.fr\/wp-content\/uploads\/2016\/08\/plan.png\"><img loading=\"lazy\" decoding=\"async\" class=\"size-medium wp-image-1130 alignright\" src=\"http:\/\/domainedelenvol.fr\/wp-content\/uploads\/2016\/08\/plan-300x268.png\" alt=\"\" width=\"300\" height=\"268\" srcset=\"https:\/\/domainedelenvol.fr\/wp-content\/uploads\/2016\/08\/plan-300x268.png 300w, https:\/\/domainedelenvol.fr\/wp-content\/uploads\/2016\/08\/plan.png 677w\" sizes=\"(max-width: 300px) 100vw, 300px\" \/><\/a><\/p>\n<p style=\"text-align: justify;\">Nous travaillons 20 hectares de vignes r\u00e9parties entre plusieurs communes sur 2 secteurs principaux\u00a0:<\/p>\n<p style=\"text-align: justify;\">\u2022\u00a0\u00a0\u00a0 d&rsquo;Ingersheim \u00e0 Niedermorschwihr en passant par Katzenthal<br \/>\u2022\u00a0\u00a0\u00a0 et plus au sud de Pfaffenheim \u00e0 Westhalten.<\/p>\n<p style=\"text-align: justify;\">Cette opportunit\u00e9 de travailler avec une mosa\u00efque de terroirs nous permet de vous offrir toute une palette d&rsquo;\u00e9motions lors de la d\u00e9gustation.<\/p>\n<\/div>\n<\/div>\n<\/div>\n<\/div>\n<\/div>\n<div id=\"pg-6-1\" class=\"panel-grid panel-no-style\" data-style=\"{&quot;background_display&quot;:&quot;tile&quot;,&quot;cell_alignment&quot;:&quot;flex-start&quot;}\">\n<div id=\"pgc-6-1-0\" class=\"panel-grid-cell\" data-weight=\"1\">\n<div id=\"panel-6-1-0-0\" class=\"so-panel widget widget_sow-editor panel-first-child\" data-index=\"6\" data-style=\"{&quot;background_display&quot;:&quot;tile&quot;}\">\n<div class=\"so-widget-sow-editor so-widget-sow-editor-base\">\n<div class=\"siteorigin-widget-tinymce textwidget\">\n<p><strong><span style=\"color: #edc465;\">Venez \u00e0 notre rencontre &#8230;<\/span><br \/><\/strong><\/p>\n<p>Nous sommes r\u00e9guli\u00e8rement sur les routes de France, venez \u00e0 notre rencontre lors d\u2019un salon, ou au Domaine pour une d\u00e9gustation de nos Vins et Cr\u00e9mant d\u2019Alsace, c\u2019est avec grand plaisir que nous vous accueillerons pour un moment de partage et de d\u00e9couverte.<\/p>\n<\/div>\n<\/div>\n<\/div>\n<div id=\"panel-6-1-0-1\" class=\"so-panel widget widget_widget_sp_image widget_sp_image panel-last-child\" data-index=\"7\" data-style=\"{&quot;background_display&quot;:&quot;tile&quot;}\">\u00a0<\/div>\n<\/div>\n<\/div>\n<\/div>\n\n\n<figure class=\"wp-block-embed is-type-video is-provider-youtube wp-block-embed-youtube wp-embed-aspect-16-9 wp-has-aspect-ratio\"><div class=\"wp-block-embed__wrapper\">\n<div class=\"video-container\"><iframe loading=\"lazy\" title=\"Domaine de L&#039;Envol - 2\u00e8me prix Concours Vignerons et Terroirs d&#039;Avenir 2018\" width=\"500\" height=\"281\" src=\"https:\/\/www.youtube.com\/embed\/m8iwGMtrSRo?feature=oembed&#038;wmode=opaque\" frameborder=\"0\" allow=\"accelerometer; autoplay; clipboard-write; encrypted-media; gyroscope; picture-in-picture; web-share\" allowfullscreen><\/iframe><\/div>\n<\/div><\/figure>\n","protected":false},"excerpt":{"rendered":"<p>\u00a0 \u00ab\u00a0Vous offrir une \u00e9motion unique\u00a0\u00bb Bienvenue au Domaine de l&rsquo;Envol, vignerons en biodynamie \u00e0 Ingersheim.Toute la famille Bernard, Manuela, Daniel, Rapha\u00ebl et Catherine vous souhaitent une agr\u00e9able visite &#8230; Pour nous, l&rsquo;expression de&#46;&#46;&#46;<\/p>\n","protected":false},"author":1,"featured_media":0,"parent":0,"menu_order":0,"comment_status":"closed","ping_status":"closed","template":"","meta":{"footnotes":""},"yoast_head":"<!-- This site is optimized with the Yoast SEO plugin v21.5 - https:\/\/yoast.com\/wordpress\/plugins\/seo\/ -->\n<title>Vins d&#039;Alsace Bio et Biodynamique - Domaine de l&#039;Envol \u00e0 Ingersheim<\/title>\n<meta name=\"description\" content=\"Domaine viticole en biodynamie situ\u00e9 \u00e0 Ingersheim pr\u00e8s de Colmar. D\u00e9couvrez notre histoire, nos vins et notre philosophie : Le vivant au service du go\u00fbt.\" \/>\n<meta name=\"robots\" content=\"index, follow, max-snippet:-1, max-image-preview:large, max-video-preview:-1\" \/>\n<link rel=\"canonical\" href=\"https:\/\/domainedelenvol.fr\/\" \/>\n<meta property=\"og:locale\" content=\"fr_FR\" \/>\n<meta property=\"og:type\" content=\"article\" \/>\n<meta property=\"og:title\" content=\"Vins d&#039;Alsace Bio et Biodynamique - Domaine de l&#039;Envol \u00e0 Ingersheim\" \/>\n<meta property=\"og:description\" content=\"Domaine viticole en biodynamie situ\u00e9 \u00e0 Ingersheim pr\u00e8s de Colmar. D\u00e9couvrez notre histoire, nos vins et notre philosophie : Le vivant au service du go\u00fbt.\" \/>\n<meta property=\"og:url\" content=\"https:\/\/domainedelenvol.fr\/\" \/>\n<meta property=\"og:site_name\" content=\"Domaine De l&#039;Envol - Vins d&#039;Alsace\" \/>\n<meta property=\"article:modified_time\" content=\"2024-07-26T09:28:31+00:00\" \/>\n<meta property=\"og:image\" content=\"https:\/\/domainedelenvol.fr\/wp-content\/uploads\/2023\/11\/DJI_0257-1024x683.jpg\" \/>\n<meta name=\"twitter:card\" content=\"summary_large_image\" \/>\n<meta name=\"twitter:label1\" content=\"Dur\u00e9e de lecture estim\u00e9e\" \/>\n\t<meta name=\"twitter:data1\" content=\"3 minutes\" \/>\n<script type=\"application\/ld+json\" class=\"yoast-schema-graph\">{\"@context\":\"https:\/\/schema.org\",\"@graph\":[{\"@type\":\"WebPage\",\"@id\":\"https:\/\/domainedelenvol.fr\/\",\"url\":\"https:\/\/domainedelenvol.fr\/\",\"name\":\"Vins d'Alsace Bio et Biodynamique - Domaine de l'Envol \u00e0 Ingersheim\",\"isPartOf\":{\"@id\":\"https:\/\/domainedelenvol.fr\/#website\"},\"datePublished\":\"2016-08-05T15:07:05+00:00\",\"dateModified\":\"2024-07-26T09:28:31+00:00\",\"description\":\"Domaine viticole en biodynamie situ\u00e9 \u00e0 Ingersheim pr\u00e8s de Colmar. D\u00e9couvrez notre histoire, nos vins et notre philosophie : Le vivant au service du go\u00fbt.\",\"breadcrumb\":{\"@id\":\"https:\/\/domainedelenvol.fr\/#breadcrumb\"},\"inLanguage\":\"fr-FR\",\"potentialAction\":[{\"@type\":\"ReadAction\",\"target\":[\"https:\/\/domainedelenvol.fr\/\"]}]},{\"@type\":\"BreadcrumbList\",\"@id\":\"https:\/\/domainedelenvol.fr\/#breadcrumb\",\"itemListElement\":[{\"@type\":\"ListItem\",\"position\":1,\"name\":\"Accueil\",\"item\":\"https:\/\/domainedelenvol.fr\/\"},{\"@type\":\"ListItem\",\"position\":2,\"name\":\"Bienvenue\"}]},{\"@type\":\"WebSite\",\"@id\":\"https:\/\/domainedelenvol.fr\/#website\",\"url\":\"https:\/\/domainedelenvol.fr\/\",\"name\":\"Domaine De l&#039;Envol - Vins d&#039;Alsace\",\"description\":\"\",\"publisher\":{\"@id\":\"https:\/\/domainedelenvol.fr\/#organization\"},\"potentialAction\":[{\"@type\":\"SearchAction\",\"target\":{\"@type\":\"EntryPoint\",\"urlTemplate\":\"https:\/\/domainedelenvol.fr\/?s={search_term_string}\"},\"query-input\":\"required name=search_term_string\"}],\"inLanguage\":\"fr-FR\"},{\"@type\":\"Organization\",\"@id\":\"https:\/\/domainedelenvol.fr\/#organization\",\"name\":\"Domaine de l'Envol\",\"url\":\"https:\/\/domainedelenvol.fr\/\",\"logo\":{\"@type\":\"ImageObject\",\"inLanguage\":\"fr-FR\",\"@id\":\"https:\/\/domainedelenvol.fr\/#\/schema\/logo\/image\/\",\"url\":\"https:\/\/domainedelenvol.fr\/wp-content\/uploads\/2017\/04\/cropped-Domaine-de-lEnvol-logo-2.png\",\"contentUrl\":\"https:\/\/domainedelenvol.fr\/wp-content\/uploads\/2017\/04\/cropped-Domaine-de-lEnvol-logo-2.png\",\"width\":1450,\"height\":864,\"caption\":\"Domaine de l'Envol\"},\"image\":{\"@id\":\"https:\/\/domainedelenvol.fr\/#\/schema\/logo\/image\/\"}}]}<\/script>\n<!-- \/ Yoast SEO plugin. -->","yoast_head_json":{"title":"Vins d'Alsace Bio et Biodynamique - Domaine de l'Envol \u00e0 Ingersheim","description":"Domaine viticole en biodynamie situ\u00e9 \u00e0 Ingersheim pr\u00e8s de Colmar. D\u00e9couvrez notre histoire, nos vins et notre philosophie : Le vivant au service du go\u00fbt.","robots":{"index":"index","follow":"follow","max-snippet":"max-snippet:-1","max-image-preview":"max-image-preview:large","max-video-preview":"max-video-preview:-1"},"canonical":"https:\/\/domainedelenvol.fr\/","og_locale":"fr_FR","og_type":"article","og_title":"Vins d'Alsace Bio et Biodynamique - Domaine de l'Envol \u00e0 Ingersheim","og_description":"Domaine viticole en biodynamie situ\u00e9 \u00e0 Ingersheim pr\u00e8s de Colmar. D\u00e9couvrez notre histoire, nos vins et notre philosophie : Le vivant au service du go\u00fbt.","og_url":"https:\/\/domainedelenvol.fr\/","og_site_name":"Domaine De l&#039;Envol - Vins d&#039;Alsace","article_modified_time":"2024-07-26T09:28:31+00:00","og_image":[{"url":"https:\/\/domainedelenvol.fr\/wp-content\/uploads\/2023\/11\/DJI_0257-1024x683.jpg"}],"twitter_card":"summary_large_image","twitter_misc":{"Dur\u00e9e de lecture estim\u00e9e":"3 minutes"},"schema":{"@context":"https:\/\/schema.org","@graph":[{"@type":"WebPage","@id":"https:\/\/domainedelenvol.fr\/","url":"https:\/\/domainedelenvol.fr\/","name":"Vins d'Alsace Bio et Biodynamique - Domaine de l'Envol \u00e0 Ingersheim","isPartOf":{"@id":"https:\/\/domainedelenvol.fr\/#website"},"datePublished":"2016-08-05T15:07:05+00:00","dateModified":"2024-07-26T09:28:31+00:00","description":"Domaine viticole en biodynamie situ\u00e9 \u00e0 Ingersheim pr\u00e8s de Colmar. D\u00e9couvrez notre histoire, nos vins et notre philosophie : Le vivant au service du go\u00fbt.","breadcrumb":{"@id":"https:\/\/domainedelenvol.fr\/#breadcrumb"},"inLanguage":"fr-FR","potentialAction":[{"@type":"ReadAction","target":["https:\/\/domainedelenvol.fr\/"]}]},{"@type":"BreadcrumbList","@id":"https:\/\/domainedelenvol.fr\/#breadcrumb","itemListElement":[{"@type":"ListItem","position":1,"name":"Accueil","item":"https:\/\/domainedelenvol.fr\/"},{"@type":"ListItem","position":2,"name":"Bienvenue"}]},{"@type":"WebSite","@id":"https:\/\/domainedelenvol.fr\/#website","url":"https:\/\/domainedelenvol.fr\/","name":"Domaine De l&#039;Envol - Vins d&#039;Alsace","description":"","publisher":{"@id":"https:\/\/domainedelenvol.fr\/#organization"},"potentialAction":[{"@type":"SearchAction","target":{"@type":"EntryPoint","urlTemplate":"https:\/\/domainedelenvol.fr\/?s={search_term_string}"},"query-input":"required name=search_term_string"}],"inLanguage":"fr-FR"},{"@type":"Organization","@id":"https:\/\/domainedelenvol.fr\/#organization","name":"Domaine de l'Envol","url":"https:\/\/domainedelenvol.fr\/","logo":{"@type":"ImageObject","inLanguage":"fr-FR","@id":"https:\/\/domainedelenvol.fr\/#\/schema\/logo\/image\/","url":"https:\/\/domainedelenvol.fr\/wp-content\/uploads\/2017\/04\/cropped-Domaine-de-lEnvol-logo-2.png","contentUrl":"https:\/\/domainedelenvol.fr\/wp-content\/uploads\/2017\/04\/cropped-Domaine-de-lEnvol-logo-2.png","width":1450,"height":864,"caption":"Domaine de l'Envol"},"image":{"@id":"https:\/\/domainedelenvol.fr\/#\/schema\/logo\/image\/"}}]}},"_links":{"self":[{"href":"https:\/\/domainedelenvol.fr\/index.php\/wp-json\/wp\/v2\/pages\/6"}],"collection":[{"href":"https:\/\/domainedelenvol.fr\/index.php\/wp-json\/wp\/v2\/pages"}],"about":[{"href":"https:\/\/domainedelenvol.fr\/index.php\/wp-json\/wp\/v2\/types\/page"}],"author":[{"embeddable":true,"href":"https:\/\/domainedelenvol.fr\/index.php\/wp-json\/wp\/v2\/users\/1"}],"replies":[{"embeddable":true,"href":"https:\/\/domainedelenvol.fr\/index.php\/wp-json\/wp\/v2\/comments?post=6"}],"version-history":[{"count":334,"href":"https:\/\/domainedelenvol.fr\/index.php\/wp-json\/wp\/v2\/pages\/6\/revisions"}],"predecessor-version":[{"id":2263,"href":"https:\/\/domainedelenvol.fr\/index.php\/wp-json\/wp\/v2\/pages\/6\/revisions\/2263"}],"wp:attachment":[{"href":"https:\/\/domainedelenvol.fr\/index.php\/wp-json\/wp\/v2\/media?parent=6"}],"curies":[{"name":"wp","href":"https:\/\/api.w.org\/{rel}","templated":true}]}}