{"id":177,"date":"2016-09-23T14:58:11","date_gmt":"2016-09-23T13:58:11","guid":{"rendered":"http:\/\/domainedelenvol.fr\/?page_id=177"},"modified":"2023-11-15T11:05:50","modified_gmt":"2023-11-15T10:05:50","slug":"notre-savoir-faire","status":"publish","type":"page","link":"https:\/\/domainedelenvol.fr\/index.php\/notre-savoir-faire\/","title":{"rendered":"Notre Savoir-Faire"},"content":{"rendered":"<div id=\"pl-177\" class=\"panel-layout\">\n<div id=\"pg-177-0\" class=\"panel-grid panel-no-style\">\n<div id=\"pgc-177-0-0\" class=\"panel-grid-cell\" data-weight=\"1\">\n<div id=\"panel-177-0-0-0\" class=\"so-panel widget widget_sow-editor panel-first-child panel-last-child\" data-index=\"0\" data-style=\"{&quot;background_display&quot;:&quot;tile&quot;}\">\n<div class=\"so-widget-sow-editor so-widget-sow-editor-base\">\n<div class=\"siteorigin-widget-tinymce textwidget\">\n<p><span style=\"color: #edc465;\"><strong>Le travail dans la vigne, un savoir-faire<\/strong><\/span><\/p>\n<p style=\"text-align: justify;\">Notre travail dans le vignoble est marqu\u00e9 par les saisons. La qualit\u00e9 de la r\u00e9colte se joue d\u00e8s l&rsquo;hiver, lorsque la vigne est plong\u00e9e dans un profond \u00ab\u00a0sommeil\u00a0\u00bb. En effet, lors de <strong>la taille<\/strong>, le choix des sarments est\u00a0primordial. Nous pratiquons la taille en Guyot Poussard afin de <strong>ma\u00eetriser le rendement<\/strong>. Ce travail s\u2019ach\u00e8ve \u00e0 la fin de l\u2019hiver lorsque la vigne se r\u00e9veille et que la s\u00e8ve remonte dans le cep.<\/p>\n<p>De f\u00e9vrier \u00e0 d\u00e9but Avril, on r\u00e9alise <strong>les travaux de liage<\/strong>, ce qui permet le d\u00e9veloppement des bourgeons qui sont \u00e0 la base des bois, \u00e9tape qui permet de ma\u00eetriser la v\u00e9g\u00e9tation et faire b\u00e9n\u00e9ficier aux\u00a0 raisins des <strong>meilleures conditions de maturation possible. <\/strong>Un travail qui n\u00e9cessite un savoir-faire pour assurer le bon d\u00e9veloppement de la vigne.<\/p>\n<p><a href=\"http:\/\/domainedelenvol.fr\/wp-content\/uploads\/2016\/09\/arcure-schema.jpg\"><img loading=\"lazy\" decoding=\"async\" class=\"aligncenter wp-image-226\" src=\"http:\/\/domainedelenvol.fr\/wp-content\/uploads\/2016\/09\/arcure-schema.jpg\" alt=\"arcure-savoir-faire\" width=\"171\" height=\"127\" \/><\/a><\/p>\n<p style=\"text-align: justify;\"><strong>L\u2019\u00e9bourgeonnage<\/strong> est aussi une \u00e9tape importante. Elle consiste \u00e0 a\u00e9rer les arcures en \u00a0supprimant certaines pousses ind\u00e9sirables situ\u00e9es sur le pied de vigne. \u00a0Cette pratique permet \u00e9galement de <strong>r\u00e9guler les rendements <\/strong>tout en assurant <strong>une meilleure a\u00e9ration<\/strong> du cep.<\/p>\n<p style=\"text-align: justify;\">En d\u00e9but d\u2019\u00e9t\u00e9, nous pratiquons <strong>le palissage<\/strong>, remontage de la v\u00e9g\u00e9tation sur le plan vertical afin d\u2019<strong>optimiser la surface foliaire.<\/strong> Ensuite on proc\u00e8de au<strong> rognage<\/strong> c\u2019est-\u00e0-dire que l\u2019on coupe la v\u00e9g\u00e9tation trop volumineuse. Pendant cette p\u00e9riode nous supprimons \u00e9galement les rejets appel\u00e9s \u00ab\u00a0gourmands\u00a0\u00bb au pied des ceps de vignes.<\/p>\n<p><span style=\"color: #000000;\"><strong><span style=\"color: #edc465;\">Les grands principes au vignoble :<\/span> <\/strong><\/span><\/p>\n<p><strong>L&rsquo;ensemble du Domaine est cultiv\u00e9 en Agriculture biologique\u00a0 et biodynamique.<br \/><\/strong><\/p>\n<p style=\"text-align: justify;\">L\u2019entretien du sol est <strong>exclusivement m\u00e9canique<\/strong> et se fait <strong>un inter\u00a0rang sur deux\u00a0<\/strong>par des <strong>labours superficiels\u00a0<\/strong>et des binages, au moyen de charrues \u00e0 dents, pour ma\u00eetriser les plantes naturellement pr\u00e9sentes, ainsi que pour <strong>a\u00e9rer et faire vivre le sol et\u00a0 tous les organismes et microorganismes. <\/strong>L&rsquo;autre inter rang est enherb\u00e9 naturellement, l&rsquo;herbe y est roul\u00e9e afin d&rsquo; avoir un mulch au sol qui favorise la vie des\u00a0auxiliaires. Le cavaillon\u00a0quand \u00e0 lui\u00a0est entretenu par buttage et par passage d&rsquo;outils interceps .<\/p>\n<p style=\"text-align: justify;\"><span style=\"color: #edc465;\"><strong>Les Pr\u00e9parats<\/strong><\/span><\/p>\n<p style=\"text-align: justify;\">Au printemps, la pr\u00e9paration de bouse de corne\u00a0 (500p) est r\u00e9partie sur la terre afin de dynamiser le sol.<\/p>\n<div id=\"attachment_301\" style=\"width: 310px\" class=\"wp-caption alignright\"><a href=\"http:\/\/domainedelenvol.fr\/wp-content\/uploads\/2016\/10\/Travail-du-sol.jpg\"><img loading=\"lazy\" decoding=\"async\" aria-describedby=\"caption-attachment-301\" class=\"wp-image-301 size-medium\" src=\"http:\/\/domainedelenvol.fr\/wp-content\/uploads\/2016\/10\/Travail-du-sol-300x225.jpg\" alt=\"travail-du-sol-savoir-faire\" width=\"300\" height=\"225\" srcset=\"https:\/\/domainedelenvol.fr\/wp-content\/uploads\/2016\/10\/Travail-du-sol-300x225.jpg 300w, https:\/\/domainedelenvol.fr\/wp-content\/uploads\/2016\/10\/Travail-du-sol.jpg 640w\" sizes=\"(max-width: 300px) 100vw, 300px\" \/><\/a><p id=\"caption-attachment-301\" class=\"wp-caption-text\">Passage de la charrue<\/p><\/div>\n<br \/>\n<div id=\"attachment_221\" style=\"width: 260px\" class=\"wp-caption alignleft\"><a href=\"http:\/\/domainedelenvol.fr\/wp-content\/uploads\/2016\/09\/dynami.png\"><img loading=\"lazy\" decoding=\"async\" aria-describedby=\"caption-attachment-221\" class=\"wp-image-221\" src=\"http:\/\/domainedelenvol.fr\/wp-content\/uploads\/2016\/09\/dynami-300x289.png\" alt=\"dynamisation-500p-savoir-faire\" width=\"250\" height=\"241\" srcset=\"https:\/\/domainedelenvol.fr\/wp-content\/uploads\/2016\/09\/dynami-300x289.png 300w, https:\/\/domainedelenvol.fr\/wp-content\/uploads\/2016\/09\/dynami.png 387w\" sizes=\"(max-width: 250px) 100vw, 250px\" \/><\/a><p id=\"caption-attachment-221\" class=\"wp-caption-text\">Dynamisation avec la 500P<\/p><\/div>\n<p style=\"text-align: justify;\">La <strong>silice dynamis\u00e9e<\/strong>, appliqu\u00e9e sur le feuillage en juin, <strong>renforce les d\u00e9fenses naturelles de la vigne.<\/strong><\/p>\n<p style=\"text-align: justify;\">Pulv\u00e9risation de <strong>tisanes de plantes<\/strong>, par exemple la tisane d&rsquo;orties est un tr\u00e8s bon engrais foliaire.<\/p>\n<p style=\"text-align: justify;\">La protection de la vigne se fait exclusivement par l\u2019emploi \u00e0 faible dose de bouillie bordelaise (sel de cuivre) et de soufre, ainsi que de <strong>tisane de pr\u00eale.<\/strong><\/p>\n<p>\u00a0<\/p>\n<\/div>\n<\/div>\n<\/div>\n<\/div>\n<\/div>\n<div id=\"pg-177-1\" class=\"panel-grid panel-no-style\" data-style=\"{&quot;background_display&quot;:&quot;tile&quot;,&quot;cell_alignment&quot;:&quot;flex-start&quot;}\">\n<div id=\"pgc-177-1-0\" class=\"panel-grid-cell\" data-weight=\"0.63597733711048\">\n<div id=\"panel-177-1-0-0\" class=\"so-panel widget widget_sow-editor panel-first-child panel-last-child\" data-index=\"1\" data-style=\"{&quot;background_display&quot;:&quot;tile&quot;}\">\n<div class=\"so-widget-sow-editor so-widget-sow-editor-base\">\n<div class=\"siteorigin-widget-tinymce textwidget\">\n<p><span style=\"color: #edc465;\"><strong>La vendange<\/strong><\/span><\/p>\n<div id=\"cms_main\">\n<div id=\"cms_wrap\">\n<div id=\"cms_content\" class=\"right\">\n<div id=\"cms_content_margin\">\n<div class=\"cms_pages\">\n<p style=\"text-align: justify;\">La r\u00e9colte est <strong>100% manuelle<\/strong> sur l\u2019ensemble des 20 Hectares du Domaine. Cette r\u00e9colte est \u00e9tal\u00e9e sur 4 \u00e0 6 semaines pour cueillir les raisins au plus pr\u00e8s de leur <strong>maturit\u00e9 optimale.\u00a0<\/strong>Les vendanges repr\u00e9sentent tous les ans un moment fort, rythm\u00e9 par les particularit\u00e9s de chaque mill\u00e9sime. Nos vendangeurs partagent notre vie tout au long de la journ\u00e9e aussi bien dans les vignes qu&rsquo;au vendangeoir et la bonne humeur fait partie du quotidien.<\/p>\n<\/div>\n<\/div>\n<\/div>\n<\/div>\n<\/div>\n<\/div>\n<\/div>\n<\/div>\n<\/div>\n<\/div>\n<div id=\"pg-177-2\" class=\"panel-grid panel-no-style\" data-style=\"{&quot;background_display&quot;:&quot;tile&quot;,&quot;cell_alignment&quot;:&quot;flex-start&quot;}\">\n<div id=\"pgc-177-2-1\" class=\"panel-grid-cell\" data-weight=\"0.50755429650614\">\n<div id=\"panel-177-2-1-0\" class=\"so-panel widget widget_sow-editor panel-first-child panel-last-child\" data-index=\"4\" data-style=\"{&quot;background_display&quot;:&quot;tile&quot;}\">\n<div class=\"so-widget-sow-editor so-widget-sow-editor-base\">\n<div class=\"siteorigin-widget-tinymce textwidget\">\n<p><span style=\"color: #edc465;\"><strong>Dans la cave<\/strong><\/span><\/p>\n<div id=\"cms_main\">\n<div id=\"cms_wrap\">\n<div id=\"cms_content\" class=\"right\">\n<div id=\"cms_content_margin\">\n<div class=\"cms_pages\">\n<div id=\"cms_main\">\n<div id=\"cms_wrap\">\n<div id=\"cms_content\" class=\"right\">\n<div id=\"cms_content_margin\">\n<p style=\"text-align: justify;\" align=\"justify\">Afin de respecter le<strong> caract\u00e8re du raisin,<\/strong> nous n\u2019utilisons que les levures naturellement pr\u00e9sentes dans nos jus et <strong>nous ajoutons z\u00e9ro sucre.<\/strong><\/p>\n<p style=\"text-align: justify;\" align=\"justify\">Tous ces principes n\u00e9cessitent un savoir-faire qui rappelle le \u00ab\u00a0bon-sens paysan\u00a0\u00bb, travailler avec la nature et non contre.<\/p>\n<p class=\"cms_pages\">Nous vous invitons \u00e0 nous suivre\u00a0 sur la<span style=\"color: #c6b3bc;\"> <a style=\"color: #c6b3bc;\" href=\"https:\/\/www.facebook.com\/domainedelenvol\/\" target=\"_blank\" rel=\"noopener noreferrer\">page Facebook<\/a><\/span> du Domaine.<\/p>\n<div id=\"wp-content-editor-tools\" class=\"wp-editor-tools hide-if-no-js\">\u00a0<\/div>\n<\/div>\n<\/div>\n<\/div>\n<\/div>\n<\/div>\n<\/div>\n<\/div>\n<\/div>\n<\/div>\n<\/div>\n<\/div>\n<\/div>\n<\/div>\n<\/div>\n<\/div>\n\n\n<figure class=\"wp-block-gallery has-nested-images columns-default is-cropped wp-block-gallery-1 is-layout-flex wp-block-gallery-is-layout-flex\">\n<figure class=\"wp-block-image size-large\"><img loading=\"lazy\" decoding=\"async\" width=\"1024\" height=\"768\" data-id=\"2135\" src=\"https:\/\/domainedelenvol.fr\/wp-content\/uploads\/2023\/11\/20230929_155251-1024x768.jpg\" alt=\"\" class=\"wp-image-2135\" srcset=\"https:\/\/domainedelenvol.fr\/wp-content\/uploads\/2023\/11\/20230929_155251-1024x768.jpg 1024w, https:\/\/domainedelenvol.fr\/wp-content\/uploads\/2023\/11\/20230929_155251-300x225.jpg 300w, https:\/\/domainedelenvol.fr\/wp-content\/uploads\/2023\/11\/20230929_155251-768x576.jpg 768w, https:\/\/domainedelenvol.fr\/wp-content\/uploads\/2023\/11\/20230929_155251-1536x1152.jpg 1536w, https:\/\/domainedelenvol.fr\/wp-content\/uploads\/2023\/11\/20230929_155251.jpg 1920w\" sizes=\"(max-width: 1024px) 100vw, 1024px\" \/><\/figure>\n\n\n\n<figure class=\"wp-block-image size-large\"><img loading=\"lazy\" decoding=\"async\" width=\"1024\" height=\"683\" data-id=\"2132\" src=\"https:\/\/domainedelenvol.fr\/wp-content\/uploads\/2023\/11\/DSC9844-1024x683.jpg\" alt=\"\" class=\"wp-image-2132\" srcset=\"https:\/\/domainedelenvol.fr\/wp-content\/uploads\/2023\/11\/DSC9844-1024x683.jpg 1024w, https:\/\/domainedelenvol.fr\/wp-content\/uploads\/2023\/11\/DSC9844-300x200.jpg 300w, https:\/\/domainedelenvol.fr\/wp-content\/uploads\/2023\/11\/DSC9844-768x512.jpg 768w, https:\/\/domainedelenvol.fr\/wp-content\/uploads\/2023\/11\/DSC9844-1536x1024.jpg 1536w, https:\/\/domainedelenvol.fr\/wp-content\/uploads\/2023\/11\/DSC9844.jpg 1920w\" sizes=\"(max-width: 1024px) 100vw, 1024px\" \/><\/figure>\n\n\n\n<figure class=\"wp-block-image size-large\"><img loading=\"lazy\" decoding=\"async\" width=\"640\" height=\"427\" data-id=\"321\" src=\"https:\/\/domainedelenvol.fr\/wp-content\/uploads\/2016\/10\/Vendange-\u00e0-la-hotte.jpg\" alt=\"\" class=\"wp-image-321\" srcset=\"https:\/\/domainedelenvol.fr\/wp-content\/uploads\/2016\/10\/Vendange-\u00e0-la-hotte.jpg 640w, https:\/\/domainedelenvol.fr\/wp-content\/uploads\/2016\/10\/Vendange-\u00e0-la-hotte-300x200.jpg 300w\" sizes=\"(max-width: 640px) 100vw, 640px\" \/><\/figure>\n\n\n\n<figure class=\"wp-block-image size-large\"><img loading=\"lazy\" decoding=\"async\" width=\"1024\" height=\"768\" data-id=\"2134\" src=\"https:\/\/domainedelenvol.fr\/wp-content\/uploads\/2023\/11\/20231003_095356-1024x768.jpg\" alt=\"\" class=\"wp-image-2134\" srcset=\"https:\/\/domainedelenvol.fr\/wp-content\/uploads\/2023\/11\/20231003_095356-1024x768.jpg 1024w, https:\/\/domainedelenvol.fr\/wp-content\/uploads\/2023\/11\/20231003_095356-300x225.jpg 300w, https:\/\/domainedelenvol.fr\/wp-content\/uploads\/2023\/11\/20231003_095356-768x576.jpg 768w, https:\/\/domainedelenvol.fr\/wp-content\/uploads\/2023\/11\/20231003_095356-1536x1152.jpg 1536w, https:\/\/domainedelenvol.fr\/wp-content\/uploads\/2023\/11\/20231003_095356.jpg 1920w\" sizes=\"(max-width: 1024px) 100vw, 1024px\" \/><\/figure>\n\n\n\n<figure class=\"wp-block-image size-large\"><img loading=\"lazy\" decoding=\"async\" width=\"1024\" height=\"683\" data-id=\"2133\" src=\"https:\/\/domainedelenvol.fr\/wp-content\/uploads\/2023\/11\/DSC9906-1024x683.jpg\" alt=\"\" class=\"wp-image-2133\" srcset=\"https:\/\/domainedelenvol.fr\/wp-content\/uploads\/2023\/11\/DSC9906-1024x683.jpg 1024w, https:\/\/domainedelenvol.fr\/wp-content\/uploads\/2023\/11\/DSC9906-300x200.jpg 300w, https:\/\/domainedelenvol.fr\/wp-content\/uploads\/2023\/11\/DSC9906-768x512.jpg 768w, https:\/\/domainedelenvol.fr\/wp-content\/uploads\/2023\/11\/DSC9906-1536x1024.jpg 1536w, https:\/\/domainedelenvol.fr\/wp-content\/uploads\/2023\/11\/DSC9906.jpg 1920w\" sizes=\"(max-width: 1024px) 100vw, 1024px\" \/><\/figure>\n\n\n\n<figure class=\"wp-block-image size-large\"><img loading=\"lazy\" decoding=\"async\" width=\"1024\" height=\"703\" data-id=\"2131\" src=\"https:\/\/domainedelenvol.fr\/wp-content\/uploads\/2023\/11\/DSC0055-1024x703.jpg\" alt=\"\" class=\"wp-image-2131\" srcset=\"https:\/\/domainedelenvol.fr\/wp-content\/uploads\/2023\/11\/DSC0055-1024x703.jpg 1024w, https:\/\/domainedelenvol.fr\/wp-content\/uploads\/2023\/11\/DSC0055-300x206.jpg 300w, https:\/\/domainedelenvol.fr\/wp-content\/uploads\/2023\/11\/DSC0055-768x527.jpg 768w, https:\/\/domainedelenvol.fr\/wp-content\/uploads\/2023\/11\/DSC0055-1536x1054.jpg 1536w, https:\/\/domainedelenvol.fr\/wp-content\/uploads\/2023\/11\/DSC0055.jpg 1920w\" sizes=\"(max-width: 1024px) 100vw, 1024px\" \/><\/figure>\n\n\n\n<figure class=\"wp-block-image size-large\"><img loading=\"lazy\" decoding=\"async\" width=\"360\" height=\"480\" data-id=\"1532\" src=\"https:\/\/domainedelenvol.fr\/wp-content\/uploads\/2017\/03\/103304410_2650121445234698_2043099506115957534_n.jpg\" alt=\"\" class=\"wp-image-1532\" srcset=\"https:\/\/domainedelenvol.fr\/wp-content\/uploads\/2017\/03\/103304410_2650121445234698_2043099506115957534_n.jpg 360w, https:\/\/domainedelenvol.fr\/wp-content\/uploads\/2017\/03\/103304410_2650121445234698_2043099506115957534_n-225x300.jpg 225w\" sizes=\"(max-width: 360px) 100vw, 360px\" \/><\/figure>\n\n\n\n<figure class=\"wp-block-image size-large\"><img loading=\"lazy\" decoding=\"async\" width=\"640\" height=\"427\" data-id=\"291\" src=\"https:\/\/domainedelenvol.fr\/wp-content\/uploads\/2016\/10\/D\u00e9gustation-en-cave-2.jpg\" alt=\"\" class=\"wp-image-291\" srcset=\"https:\/\/domainedelenvol.fr\/wp-content\/uploads\/2016\/10\/D\u00e9gustation-en-cave-2.jpg 640w, https:\/\/domainedelenvol.fr\/wp-content\/uploads\/2016\/10\/D\u00e9gustation-en-cave-2-300x200.jpg 300w\" sizes=\"(max-width: 640px) 100vw, 640px\" \/><\/figure>\n\n\n\n<figure class=\"wp-block-image size-large\"><img loading=\"lazy\" decoding=\"async\" width=\"540\" height=\"720\" data-id=\"1208\" src=\"https:\/\/domainedelenvol.fr\/wp-content\/uploads\/2017\/03\/23435594_1692574174107371_1322944569_n.jpg\" alt=\"\" class=\"wp-image-1208\" srcset=\"https:\/\/domainedelenvol.fr\/wp-content\/uploads\/2017\/03\/23435594_1692574174107371_1322944569_n.jpg 540w, https:\/\/domainedelenvol.fr\/wp-content\/uploads\/2017\/03\/23435594_1692574174107371_1322944569_n-225x300.jpg 225w\" sizes=\"(max-width: 540px) 100vw, 540px\" \/><\/figure>\n\n\n\n<figure class=\"wp-block-image size-large\"><img loading=\"lazy\" decoding=\"async\" width=\"1024\" height=\"683\" data-id=\"2137\" src=\"https:\/\/domainedelenvol.fr\/wp-content\/uploads\/2023\/11\/DSC0010-1024x683.jpg\" alt=\"\" class=\"wp-image-2137\" srcset=\"https:\/\/domainedelenvol.fr\/wp-content\/uploads\/2023\/11\/DSC0010-1024x683.jpg 1024w, https:\/\/domainedelenvol.fr\/wp-content\/uploads\/2023\/11\/DSC0010-300x200.jpg 300w, https:\/\/domainedelenvol.fr\/wp-content\/uploads\/2023\/11\/DSC0010-768x512.jpg 768w, https:\/\/domainedelenvol.fr\/wp-content\/uploads\/2023\/11\/DSC0010-1536x1024.jpg 1536w, https:\/\/domainedelenvol.fr\/wp-content\/uploads\/2023\/11\/DSC0010.jpg 1920w\" sizes=\"(max-width: 1024px) 100vw, 1024px\" \/><\/figure>\n\n\n\n<figure class=\"wp-block-image size-large\"><img loading=\"lazy\" decoding=\"async\" width=\"1024\" height=\"723\" data-id=\"1210\" src=\"https:\/\/domainedelenvol.fr\/wp-content\/uploads\/2017\/03\/CH72972-1024x723.jpg\" alt=\"\" class=\"wp-image-1210\" srcset=\"https:\/\/domainedelenvol.fr\/wp-content\/uploads\/2017\/03\/CH72972-1024x723.jpg 1024w, https:\/\/domainedelenvol.fr\/wp-content\/uploads\/2017\/03\/CH72972-300x212.jpg 300w, https:\/\/domainedelenvol.fr\/wp-content\/uploads\/2017\/03\/CH72972-768x543.jpg 768w\" sizes=\"(max-width: 1024px) 100vw, 1024px\" \/><\/figure>\n\n\n\n<figure class=\"wp-block-image size-large\"><img loading=\"lazy\" decoding=\"async\" width=\"941\" height=\"706\" data-id=\"1100\" src=\"https:\/\/domainedelenvol.fr\/wp-content\/uploads\/2017\/03\/cave-coloriagen.jpg\" alt=\"\" class=\"wp-image-1100\" srcset=\"https:\/\/domainedelenvol.fr\/wp-content\/uploads\/2017\/03\/cave-coloriagen.jpg 941w, https:\/\/domainedelenvol.fr\/wp-content\/uploads\/2017\/03\/cave-coloriagen-300x225.jpg 300w, https:\/\/domainedelenvol.fr\/wp-content\/uploads\/2017\/03\/cave-coloriagen-768x576.jpg 768w\" sizes=\"(max-width: 941px) 100vw, 941px\" \/><\/figure>\n<\/figure>\n","protected":false},"excerpt":{"rendered":"<p>Le travail dans la vigne, un savoir-faire Notre travail dans le vignoble est marqu\u00e9 par les saisons. La qualit\u00e9 de la r\u00e9colte se joue d\u00e8s l&rsquo;hiver, lorsque la vigne est plong\u00e9e dans un profond&#46;&#46;&#46;<\/p>\n","protected":false},"author":1,"featured_media":0,"parent":0,"menu_order":0,"comment_status":"closed","ping_status":"closed","template":"","meta":{"footnotes":""},"yoast_head":"<!-- This site is optimized with the Yoast SEO plugin v21.5 - https:\/\/yoast.com\/wordpress\/plugins\/seo\/ -->\n<title>Notre Savoir-Faire - Domaine De l&#039;Envol - Vins d&#039;Alsace<\/title>\n<meta name=\"description\" content=\"Le travail des vignes et la vinification n\u00e9cessite un r\u00e9el savoir-faire, le travail d&#039;un domaine en biodynamie est d&#039;autant plus important.\" \/>\n<meta name=\"robots\" content=\"index, follow, max-snippet:-1, max-image-preview:large, max-video-preview:-1\" \/>\n<link rel=\"canonical\" href=\"http:\/\/domainedelenvol.fr\/index.php\/notre-savoir-faire\/\" \/>\n<meta property=\"og:locale\" content=\"fr_FR\" \/>\n<meta property=\"og:type\" content=\"article\" \/>\n<meta property=\"og:title\" content=\"Notre Savoir-Faire - Domaine De l&#039;Envol - Vins d&#039;Alsace\" \/>\n<meta property=\"og:description\" content=\"Le travail des vignes et la vinification n\u00e9cessite un r\u00e9el savoir-faire, le travail d&#039;un domaine en biodynamie est d&#039;autant plus important.\" \/>\n<meta property=\"og:url\" content=\"http:\/\/domainedelenvol.fr\/index.php\/notre-savoir-faire\/\" \/>\n<meta property=\"og:site_name\" content=\"Domaine De l&#039;Envol - Vins d&#039;Alsace\" \/>\n<meta property=\"article:modified_time\" content=\"2023-11-15T10:05:50+00:00\" \/>\n<meta property=\"og:image\" content=\"http:\/\/domainedelenvol.fr\/wp-content\/uploads\/2016\/09\/arcure-schema.jpg\" \/>\n<meta name=\"twitter:card\" content=\"summary_large_image\" \/>\n<meta name=\"twitter:label1\" content=\"Dur\u00e9e de lecture estim\u00e9e\" \/>\n\t<meta name=\"twitter:data1\" content=\"6 minutes\" \/>\n<script type=\"application\/ld+json\" class=\"yoast-schema-graph\">{\"@context\":\"https:\/\/schema.org\",\"@graph\":[{\"@type\":\"WebPage\",\"@id\":\"http:\/\/domainedelenvol.fr\/index.php\/notre-savoir-faire\/\",\"url\":\"http:\/\/domainedelenvol.fr\/index.php\/notre-savoir-faire\/\",\"name\":\"Notre Savoir-Faire - Domaine De l&#039;Envol - Vins d&#039;Alsace\",\"isPartOf\":{\"@id\":\"https:\/\/domainedelenvol.fr\/#website\"},\"datePublished\":\"2016-09-23T13:58:11+00:00\",\"dateModified\":\"2023-11-15T10:05:50+00:00\",\"description\":\"Le travail des vignes et la vinification n\u00e9cessite un r\u00e9el savoir-faire, le travail d'un domaine en biodynamie est d'autant plus important.\",\"breadcrumb\":{\"@id\":\"http:\/\/domainedelenvol.fr\/index.php\/notre-savoir-faire\/#breadcrumb\"},\"inLanguage\":\"fr-FR\",\"potentialAction\":[{\"@type\":\"ReadAction\",\"target\":[\"http:\/\/domainedelenvol.fr\/index.php\/notre-savoir-faire\/\"]}]},{\"@type\":\"BreadcrumbList\",\"@id\":\"http:\/\/domainedelenvol.fr\/index.php\/notre-savoir-faire\/#breadcrumb\",\"itemListElement\":[{\"@type\":\"ListItem\",\"position\":1,\"name\":\"Accueil\",\"item\":\"https:\/\/domainedelenvol.fr\/\"},{\"@type\":\"ListItem\",\"position\":2,\"name\":\"Notre Savoir-Faire\"}]},{\"@type\":\"WebSite\",\"@id\":\"https:\/\/domainedelenvol.fr\/#website\",\"url\":\"https:\/\/domainedelenvol.fr\/\",\"name\":\"Domaine De l&#039;Envol - Vins d&#039;Alsace\",\"description\":\"\",\"publisher\":{\"@id\":\"https:\/\/domainedelenvol.fr\/#organization\"},\"potentialAction\":[{\"@type\":\"SearchAction\",\"target\":{\"@type\":\"EntryPoint\",\"urlTemplate\":\"https:\/\/domainedelenvol.fr\/?s={search_term_string}\"},\"query-input\":\"required name=search_term_string\"}],\"inLanguage\":\"fr-FR\"},{\"@type\":\"Organization\",\"@id\":\"https:\/\/domainedelenvol.fr\/#organization\",\"name\":\"Domaine de l'Envol\",\"url\":\"https:\/\/domainedelenvol.fr\/\",\"logo\":{\"@type\":\"ImageObject\",\"inLanguage\":\"fr-FR\",\"@id\":\"https:\/\/domainedelenvol.fr\/#\/schema\/logo\/image\/\",\"url\":\"https:\/\/domainedelenvol.fr\/wp-content\/uploads\/2017\/04\/cropped-Domaine-de-lEnvol-logo-2.png\",\"contentUrl\":\"https:\/\/domainedelenvol.fr\/wp-content\/uploads\/2017\/04\/cropped-Domaine-de-lEnvol-logo-2.png\",\"width\":1450,\"height\":864,\"caption\":\"Domaine de l'Envol\"},\"image\":{\"@id\":\"https:\/\/domainedelenvol.fr\/#\/schema\/logo\/image\/\"}}]}<\/script>\n<!-- \/ Yoast SEO plugin. -->","yoast_head_json":{"title":"Notre Savoir-Faire - Domaine De l&#039;Envol - Vins d&#039;Alsace","description":"Le travail des vignes et la vinification n\u00e9cessite un r\u00e9el savoir-faire, le travail d'un domaine en biodynamie est d'autant plus important.","robots":{"index":"index","follow":"follow","max-snippet":"max-snippet:-1","max-image-preview":"max-image-preview:large","max-video-preview":"max-video-preview:-1"},"canonical":"http:\/\/domainedelenvol.fr\/index.php\/notre-savoir-faire\/","og_locale":"fr_FR","og_type":"article","og_title":"Notre Savoir-Faire - Domaine De l&#039;Envol - Vins d&#039;Alsace","og_description":"Le travail des vignes et la vinification n\u00e9cessite un r\u00e9el savoir-faire, le travail d'un domaine en biodynamie est d'autant plus important.","og_url":"http:\/\/domainedelenvol.fr\/index.php\/notre-savoir-faire\/","og_site_name":"Domaine De l&#039;Envol - Vins d&#039;Alsace","article_modified_time":"2023-11-15T10:05:50+00:00","og_image":[{"url":"http:\/\/domainedelenvol.fr\/wp-content\/uploads\/2016\/09\/arcure-schema.jpg"}],"twitter_card":"summary_large_image","twitter_misc":{"Dur\u00e9e de lecture estim\u00e9e":"6 minutes"},"schema":{"@context":"https:\/\/schema.org","@graph":[{"@type":"WebPage","@id":"http:\/\/domainedelenvol.fr\/index.php\/notre-savoir-faire\/","url":"http:\/\/domainedelenvol.fr\/index.php\/notre-savoir-faire\/","name":"Notre Savoir-Faire - Domaine De l&#039;Envol - Vins d&#039;Alsace","isPartOf":{"@id":"https:\/\/domainedelenvol.fr\/#website"},"datePublished":"2016-09-23T13:58:11+00:00","dateModified":"2023-11-15T10:05:50+00:00","description":"Le travail des vignes et la vinification n\u00e9cessite un r\u00e9el savoir-faire, le travail d'un domaine en biodynamie est d'autant plus important.","breadcrumb":{"@id":"http:\/\/domainedelenvol.fr\/index.php\/notre-savoir-faire\/#breadcrumb"},"inLanguage":"fr-FR","potentialAction":[{"@type":"ReadAction","target":["http:\/\/domainedelenvol.fr\/index.php\/notre-savoir-faire\/"]}]},{"@type":"BreadcrumbList","@id":"http:\/\/domainedelenvol.fr\/index.php\/notre-savoir-faire\/#breadcrumb","itemListElement":[{"@type":"ListItem","position":1,"name":"Accueil","item":"https:\/\/domainedelenvol.fr\/"},{"@type":"ListItem","position":2,"name":"Notre Savoir-Faire"}]},{"@type":"WebSite","@id":"https:\/\/domainedelenvol.fr\/#website","url":"https:\/\/domainedelenvol.fr\/","name":"Domaine De l&#039;Envol - Vins d&#039;Alsace","description":"","publisher":{"@id":"https:\/\/domainedelenvol.fr\/#organization"},"potentialAction":[{"@type":"SearchAction","target":{"@type":"EntryPoint","urlTemplate":"https:\/\/domainedelenvol.fr\/?s={search_term_string}"},"query-input":"required name=search_term_string"}],"inLanguage":"fr-FR"},{"@type":"Organization","@id":"https:\/\/domainedelenvol.fr\/#organization","name":"Domaine de l'Envol","url":"https:\/\/domainedelenvol.fr\/","logo":{"@type":"ImageObject","inLanguage":"fr-FR","@id":"https:\/\/domainedelenvol.fr\/#\/schema\/logo\/image\/","url":"https:\/\/domainedelenvol.fr\/wp-content\/uploads\/2017\/04\/cropped-Domaine-de-lEnvol-logo-2.png","contentUrl":"https:\/\/domainedelenvol.fr\/wp-content\/uploads\/2017\/04\/cropped-Domaine-de-lEnvol-logo-2.png","width":1450,"height":864,"caption":"Domaine de l'Envol"},"image":{"@id":"https:\/\/domainedelenvol.fr\/#\/schema\/logo\/image\/"}}]}},"_links":{"self":[{"href":"https:\/\/domainedelenvol.fr\/index.php\/wp-json\/wp\/v2\/pages\/177"}],"collection":[{"href":"https:\/\/domainedelenvol.fr\/index.php\/wp-json\/wp\/v2\/pages"}],"about":[{"href":"https:\/\/domainedelenvol.fr\/index.php\/wp-json\/wp\/v2\/types\/page"}],"author":[{"embeddable":true,"href":"https:\/\/domainedelenvol.fr\/index.php\/wp-json\/wp\/v2\/users\/1"}],"replies":[{"embeddable":true,"href":"https:\/\/domainedelenvol.fr\/index.php\/wp-json\/wp\/v2\/comments?post=177"}],"version-history":[{"count":62,"href":"https:\/\/domainedelenvol.fr\/index.php\/wp-json\/wp\/v2\/pages\/177\/revisions"}],"predecessor-version":[{"id":2183,"href":"https:\/\/domainedelenvol.fr\/index.php\/wp-json\/wp\/v2\/pages\/177\/revisions\/2183"}],"wp:attachment":[{"href":"https:\/\/domainedelenvol.fr\/index.php\/wp-json\/wp\/v2\/media?parent=177"}],"curies":[{"name":"wp","href":"https:\/\/api.w.org\/{rel}","templated":true}]}}