{"id":175,"date":"2016-09-23T14:57:49","date_gmt":"2016-09-23T13:57:49","guid":{"rendered":"http:\/\/domainedelenvol.fr\/?page_id=175"},"modified":"2023-11-15T10:19:31","modified_gmt":"2023-11-15T09:19:31","slug":"notre-philosophie","status":"publish","type":"page","link":"https:\/\/domainedelenvol.fr\/index.php\/notre-philosophie\/","title":{"rendered":"Notre Philosophie"},"content":{"rendered":"\n<figure class=\"wp-block-gallery has-nested-images columns-default is-cropped wp-block-gallery-1 is-layout-flex wp-block-gallery-is-layout-flex\">\n<figure class=\"wp-block-image size-large\"><img loading=\"lazy\" decoding=\"async\" width=\"1024\" height=\"683\" data-id=\"2119\" src=\"https:\/\/domainedelenvol.fr\/wp-content\/uploads\/2023\/11\/500p-petit-formet-1024x683.jpg\" alt=\"\" class=\"wp-image-2119\" srcset=\"https:\/\/domainedelenvol.fr\/wp-content\/uploads\/2023\/11\/500p-petit-formet-1024x683.jpg 1024w, https:\/\/domainedelenvol.fr\/wp-content\/uploads\/2023\/11\/500p-petit-formet-300x200.jpg 300w, https:\/\/domainedelenvol.fr\/wp-content\/uploads\/2023\/11\/500p-petit-formet-768x512.jpg 768w, https:\/\/domainedelenvol.fr\/wp-content\/uploads\/2023\/11\/500p-petit-formet-1536x1024.jpg 1536w, https:\/\/domainedelenvol.fr\/wp-content\/uploads\/2023\/11\/500p-petit-formet.jpg 1920w\" sizes=\"(max-width: 1024px) 100vw, 1024px\" \/><\/figure>\n\n\n\n<figure class=\"wp-block-image size-large\"><img loading=\"lazy\" decoding=\"async\" width=\"1024\" height=\"683\" data-id=\"2117\" src=\"https:\/\/domainedelenvol.fr\/wp-content\/uploads\/2023\/11\/labour-petit-format-1024x683.jpg\" alt=\"\" class=\"wp-image-2117\" srcset=\"https:\/\/domainedelenvol.fr\/wp-content\/uploads\/2023\/11\/labour-petit-format-1024x683.jpg 1024w, https:\/\/domainedelenvol.fr\/wp-content\/uploads\/2023\/11\/labour-petit-format-300x200.jpg 300w, https:\/\/domainedelenvol.fr\/wp-content\/uploads\/2023\/11\/labour-petit-format-768x512.jpg 768w, https:\/\/domainedelenvol.fr\/wp-content\/uploads\/2023\/11\/labour-petit-format-1536x1024.jpg 1536w, https:\/\/domainedelenvol.fr\/wp-content\/uploads\/2023\/11\/labour-petit-format.jpg 1920w\" sizes=\"(max-width: 1024px) 100vw, 1024px\" \/><\/figure>\n\n\n\n<figure class=\"wp-block-image size-large\"><img loading=\"lazy\" decoding=\"async\" width=\"1024\" height=\"682\" data-id=\"1853\" src=\"https:\/\/domainedelenvol.fr\/wp-content\/uploads\/2017\/03\/JJM4711-1024x682.jpg\" alt=\"\" class=\"wp-image-1853\" srcset=\"https:\/\/domainedelenvol.fr\/wp-content\/uploads\/2017\/03\/JJM4711-1024x682.jpg 1024w, https:\/\/domainedelenvol.fr\/wp-content\/uploads\/2017\/03\/JJM4711-300x200.jpg 300w, https:\/\/domainedelenvol.fr\/wp-content\/uploads\/2017\/03\/JJM4711-768x512.jpg 768w, https:\/\/domainedelenvol.fr\/wp-content\/uploads\/2017\/03\/JJM4711-272x182.jpg 272w, https:\/\/domainedelenvol.fr\/wp-content\/uploads\/2017\/03\/JJM4711.jpg 2000w\" sizes=\"(max-width: 1024px) 100vw, 1024px\" \/><\/figure>\n\n\n\n<figure class=\"wp-block-image size-large\"><img loading=\"lazy\" decoding=\"async\" width=\"1024\" height=\"655\" data-id=\"1806\" src=\"https:\/\/domainedelenvol.fr\/wp-content\/uploads\/2017\/03\/246040900_914568656160228_2550063432376499076_n-1024x655.jpg\" alt=\"\" class=\"wp-image-1806\" srcset=\"https:\/\/domainedelenvol.fr\/wp-content\/uploads\/2017\/03\/246040900_914568656160228_2550063432376499076_n-1024x655.jpg 1024w, https:\/\/domainedelenvol.fr\/wp-content\/uploads\/2017\/03\/246040900_914568656160228_2550063432376499076_n-300x192.jpg 300w, https:\/\/domainedelenvol.fr\/wp-content\/uploads\/2017\/03\/246040900_914568656160228_2550063432376499076_n-768x491.jpg 768w, https:\/\/domainedelenvol.fr\/wp-content\/uploads\/2017\/03\/246040900_914568656160228_2550063432376499076_n.jpg 1080w\" sizes=\"(max-width: 1024px) 100vw, 1024px\" \/><\/figure>\n\n\n\n<figure class=\"wp-block-image size-large\"><img loading=\"lazy\" decoding=\"async\" width=\"1024\" height=\"698\" data-id=\"1634\" src=\"https:\/\/domainedelenvol.fr\/wp-content\/uploads\/2016\/08\/envol.biodynamie.ingersheim-1-1024x698.jpg\" alt=\"\" class=\"wp-image-1634\" srcset=\"https:\/\/domainedelenvol.fr\/wp-content\/uploads\/2016\/08\/envol.biodynamie.ingersheim-1-1024x698.jpg 1024w, https:\/\/domainedelenvol.fr\/wp-content\/uploads\/2016\/08\/envol.biodynamie.ingersheim-1-300x205.jpg 300w, https:\/\/domainedelenvol.fr\/wp-content\/uploads\/2016\/08\/envol.biodynamie.ingersheim-1-768x524.jpg 768w, https:\/\/domainedelenvol.fr\/wp-content\/uploads\/2016\/08\/envol.biodynamie.ingersheim-1.jpg 1466w\" sizes=\"(max-width: 1024px) 100vw, 1024px\" \/><\/figure>\n\n\n\n<figure class=\"wp-block-image size-large\"><img loading=\"lazy\" decoding=\"async\" width=\"314\" height=\"271\" data-id=\"325\" src=\"https:\/\/domainedelenvol.fr\/wp-content\/uploads\/2016\/09\/la-vie-dans-le-sol.png\" alt=\"\" class=\"wp-image-325\" srcset=\"https:\/\/domainedelenvol.fr\/wp-content\/uploads\/2016\/09\/la-vie-dans-le-sol.png 314w, https:\/\/domainedelenvol.fr\/wp-content\/uploads\/2016\/09\/la-vie-dans-le-sol-300x259.png 300w\" sizes=\"(max-width: 314px) 100vw, 314px\" \/><\/figure>\n<\/figure>\n\n\n\n<hr class=\"wp-block-separator has-alpha-channel-opacity\"\/>\n\n\n<div id=\"pl-175\" class=\"panel-layout\">\n<div id=\"pg-175-0\" class=\"panel-grid panel-no-style\" data-style=\"{&quot;background_display&quot;:&quot;tile&quot;,&quot;cell_alignment&quot;:&quot;flex-start&quot;}\">\n<div id=\"pgc-175-0-0\" class=\"panel-grid-cell\" data-style=\"{&quot;background_display&quot;:&quot;tile&quot;,&quot;vertical_alignment&quot;:&quot;auto&quot;}\" data-weight=\"1\">\n<div id=\"panel-175-0-0-0\" class=\"so-panel widget widget_sow-editor panel-first-child panel-last-child\" data-index=\"0\" data-style=\"{&quot;background_display&quot;:&quot;tile&quot;}\">\n<div class=\"so-widget-sow-editor so-widget-sow-editor-base\">\n<div class=\"siteorigin-widget-tinymce textwidget\">\n<blockquote>\n<p>Aujourd&rsquo;hui, nous avons la chance de pouvoir travailler 20 hectares de vignes dont trois Grands Crus et plusieurs Lieux-Dits. Nous prenons plaisir \u00e0 travailler avec une mosa\u00efque de terroirs, et de proposer une large palette d\u2019\u00e9motions lors de la d\u00e9gustation ; mettre \u00ab\u00a0le vivant au service du go\u00fbt\u00a0\u00bb telle est notre ambition et notre philosophie.<\/p>\n<\/blockquote>\n<\/div>\n<\/div>\n<\/div>\n<\/div>\n<\/div>\n<div id=\"pg-175-1\" class=\"panel-grid panel-no-style\" data-style=\"{&quot;background_display&quot;:&quot;tile&quot;,&quot;cell_alignment&quot;:&quot;flex-start&quot;}\">\n<div id=\"pgc-175-1-0\" class=\"panel-grid-cell\" data-weight=\"0.62275731822474\">\n<div id=\"panel-175-1-0-0\" class=\"so-panel widget widget_sow-editor panel-first-child panel-last-child\" data-index=\"1\" data-style=\"{&quot;background_display&quot;:&quot;tile&quot;}\">\n<div class=\"so-widget-sow-editor so-widget-sow-editor-base\">\n<div class=\"siteorigin-widget-tinymce textwidget\">\n<p style=\"text-align: left;\"><span style=\"color: #edc465;\"><strong>Nos Valeurs : Authenticit\u00e9 et convivialit\u00e9<\/strong><\/span><\/p>\n<p style=\"text-align: left;\">Observer le vivant pour le comprendre et pour agir en respectant sa nature profonde, tel est notre leitmotiv.<\/p>\n<\/div>\n<\/div>\n<\/div>\n<\/div>\n<\/div>\n<\/div>\n<div id=\"pl-175\" class=\"panel-layout\">\n<div id=\"pg-175-2\" class=\"panel-grid panel-no-style\">\n<div id=\"pgc-175-2-0\" class=\"panel-grid-cell\" data-weight=\"1\">\n<div id=\"panel-175-2-0-0\" class=\"so-panel widget widget_sow-editor panel-first-child panel-last-child\" data-index=\"3\" data-style=\"{&quot;background_image_attachment&quot;:false,&quot;background_display&quot;:&quot;tile&quot;}\">\n<div class=\"so-widget-sow-editor so-widget-sow-editor-base\">\n<div class=\"siteorigin-widget-tinymce textwidget\">\n<p><strong>L&rsquo;agr<\/strong><strong>iculture <\/strong><strong>biologique et biodynamique<br \/><\/strong><\/p>\n<p>2010 marquera les premiers pas du domaine en culture biologique. La conduite de la vigne en bio est un moyen de maintenir des sols vivants o\u00f9 les racines vont chercher en profondeur tous les \u00e9l\u00e9ments min\u00e9raux n\u00e9cessaires. Gr\u00e2ce \u00e0 cela, les raisins gagnent en qualit\u00e9, en ar\u00f4mes, et refl\u00e8tent au maximum le terroir sur lequel ils ont pouss\u00e9. L&rsquo;usage des produits de traitement de synth\u00e8se et d&rsquo;engrais de synth\u00e8se sont exclu.<\/p>\n<p><strong>Le but\u00a0 : stimuler l&rsquo;activit\u00e9 propre de la plante<\/strong><\/p>\n<p>La viticulture biodynamique vise \u00e0 <strong>dynamiser et intensifier la vie organique dans le milieu o\u00f9 vit la vigne.<\/strong> Elle cherche \u00e0 renforcer la vitalit\u00e9 et la r\u00e9sistance des plantes, en am\u00e9liorant les \u00e9changes naturels entre le sol et les racines, afin d\u2019optimiser l\u2019expression du terroir dans les raisins. L&rsquo;absence de produits chimiques va aussi favoriser une meilleure <strong>flore levurienne<\/strong> sur la peau des raisins qui va<strong> initier naturellement la fermentation des vins.<\/strong><\/p>\n<p style=\"text-align: justify;\">Demeter est la marque internationale de certification de l\u2019agriculture biodynamique\u00a0qui permet de reconna\u00eetre les produits issus de celle-ci. D\u00e9pos\u00e9 d\u00e8s 1932, le logo fait r\u00e9f\u00e9rence \u00e0 la d\u00e9esse de la f\u00e9condit\u00e9 et m\u00e8re de la Terre dans la mythologie grecque. Ce label se d\u00e9mocratise de plus en plus et les adh\u00e9rents partage la m\u00eame philosophie. Plus d&rsquo;informations sur\u00a0le <a href=\"http:\/\/www.demeter.fr\/\"><span style=\"color: #c6b3bc;\">site Demeter<\/span><\/a>.<\/p>\n<\/div>\n<\/div>\n<\/div>\n<\/div>\n<\/div>\n<\/div>","protected":false},"excerpt":{"rendered":"<p>Aujourd&rsquo;hui, nous avons la chance de pouvoir travailler 20 hectares de vignes dont trois Grands Crus et plusieurs Lieux-Dits. Nous prenons plaisir \u00e0 travailler avec une mosa\u00efque de terroirs, et de proposer une large&#46;&#46;&#46;<\/p>\n","protected":false},"author":1,"featured_media":0,"parent":0,"menu_order":0,"comment_status":"closed","ping_status":"closed","template":"","meta":{"footnotes":""},"yoast_head":"<!-- This site is optimized with the Yoast SEO plugin v21.5 - https:\/\/yoast.com\/wordpress\/plugins\/seo\/ -->\n<title>Notre Philosophie - Domaine De l&#039;Envol - Vins d&#039;Alsace<\/title>\n<meta name=\"robots\" content=\"index, follow, max-snippet:-1, max-image-preview:large, max-video-preview:-1\" \/>\n<link rel=\"canonical\" href=\"http:\/\/domainedelenvol.fr\/index.php\/notre-philosophie\/\" \/>\n<meta property=\"og:locale\" content=\"fr_FR\" \/>\n<meta property=\"og:type\" content=\"article\" \/>\n<meta property=\"og:title\" content=\"Notre Philosophie - Domaine De l&#039;Envol - Vins d&#039;Alsace\" \/>\n<meta property=\"og:description\" content=\"Aujourd&rsquo;hui, nous avons la chance de pouvoir travailler 20 hectares de vignes dont trois Grands Crus et plusieurs Lieux-Dits. Nous prenons plaisir \u00e0 travailler avec une mosa\u00efque de terroirs, et de proposer une large&#046;&#046;&#046;\" \/>\n<meta property=\"og:url\" content=\"http:\/\/domainedelenvol.fr\/index.php\/notre-philosophie\/\" \/>\n<meta property=\"og:site_name\" content=\"Domaine De l&#039;Envol - Vins d&#039;Alsace\" \/>\n<meta property=\"article:modified_time\" content=\"2023-11-15T09:19:31+00:00\" \/>\n<meta property=\"og:image\" content=\"https:\/\/domainedelenvol.fr\/wp-content\/uploads\/2023\/11\/500p-petit-formet-1024x683.jpg\" \/>\n<meta name=\"twitter:card\" content=\"summary_large_image\" \/>\n<meta name=\"twitter:label1\" content=\"Dur\u00e9e de lecture estim\u00e9e\" \/>\n\t<meta name=\"twitter:data1\" content=\"3 minutes\" \/>\n<script type=\"application\/ld+json\" class=\"yoast-schema-graph\">{\"@context\":\"https:\/\/schema.org\",\"@graph\":[{\"@type\":\"WebPage\",\"@id\":\"http:\/\/domainedelenvol.fr\/index.php\/notre-philosophie\/\",\"url\":\"http:\/\/domainedelenvol.fr\/index.php\/notre-philosophie\/\",\"name\":\"Notre Philosophie - Domaine De l&#039;Envol - Vins d&#039;Alsace\",\"isPartOf\":{\"@id\":\"https:\/\/domainedelenvol.fr\/#website\"},\"datePublished\":\"2016-09-23T13:57:49+00:00\",\"dateModified\":\"2023-11-15T09:19:31+00:00\",\"breadcrumb\":{\"@id\":\"http:\/\/domainedelenvol.fr\/index.php\/notre-philosophie\/#breadcrumb\"},\"inLanguage\":\"fr-FR\",\"potentialAction\":[{\"@type\":\"ReadAction\",\"target\":[\"http:\/\/domainedelenvol.fr\/index.php\/notre-philosophie\/\"]}]},{\"@type\":\"BreadcrumbList\",\"@id\":\"http:\/\/domainedelenvol.fr\/index.php\/notre-philosophie\/#breadcrumb\",\"itemListElement\":[{\"@type\":\"ListItem\",\"position\":1,\"name\":\"Accueil\",\"item\":\"https:\/\/domainedelenvol.fr\/\"},{\"@type\":\"ListItem\",\"position\":2,\"name\":\"Notre Philosophie\"}]},{\"@type\":\"WebSite\",\"@id\":\"https:\/\/domainedelenvol.fr\/#website\",\"url\":\"https:\/\/domainedelenvol.fr\/\",\"name\":\"Domaine De l&#039;Envol - Vins d&#039;Alsace\",\"description\":\"\",\"publisher\":{\"@id\":\"https:\/\/domainedelenvol.fr\/#organization\"},\"potentialAction\":[{\"@type\":\"SearchAction\",\"target\":{\"@type\":\"EntryPoint\",\"urlTemplate\":\"https:\/\/domainedelenvol.fr\/?s={search_term_string}\"},\"query-input\":\"required name=search_term_string\"}],\"inLanguage\":\"fr-FR\"},{\"@type\":\"Organization\",\"@id\":\"https:\/\/domainedelenvol.fr\/#organization\",\"name\":\"Domaine de l'Envol\",\"url\":\"https:\/\/domainedelenvol.fr\/\",\"logo\":{\"@type\":\"ImageObject\",\"inLanguage\":\"fr-FR\",\"@id\":\"https:\/\/domainedelenvol.fr\/#\/schema\/logo\/image\/\",\"url\":\"https:\/\/domainedelenvol.fr\/wp-content\/uploads\/2017\/04\/cropped-Domaine-de-lEnvol-logo-2.png\",\"contentUrl\":\"https:\/\/domainedelenvol.fr\/wp-content\/uploads\/2017\/04\/cropped-Domaine-de-lEnvol-logo-2.png\",\"width\":1450,\"height\":864,\"caption\":\"Domaine de l'Envol\"},\"image\":{\"@id\":\"https:\/\/domainedelenvol.fr\/#\/schema\/logo\/image\/\"}}]}<\/script>\n<!-- \/ Yoast SEO plugin. -->","yoast_head_json":{"title":"Notre Philosophie - Domaine De l&#039;Envol - Vins d&#039;Alsace","robots":{"index":"index","follow":"follow","max-snippet":"max-snippet:-1","max-image-preview":"max-image-preview:large","max-video-preview":"max-video-preview:-1"},"canonical":"http:\/\/domainedelenvol.fr\/index.php\/notre-philosophie\/","og_locale":"fr_FR","og_type":"article","og_title":"Notre Philosophie - Domaine De l&#039;Envol - Vins d&#039;Alsace","og_description":"Aujourd&rsquo;hui, nous avons la chance de pouvoir travailler 20 hectares de vignes dont trois Grands Crus et plusieurs Lieux-Dits. Nous prenons plaisir \u00e0 travailler avec une mosa\u00efque de terroirs, et de proposer une large&#46;&#46;&#46;","og_url":"http:\/\/domainedelenvol.fr\/index.php\/notre-philosophie\/","og_site_name":"Domaine De l&#039;Envol - Vins d&#039;Alsace","article_modified_time":"2023-11-15T09:19:31+00:00","og_image":[{"url":"https:\/\/domainedelenvol.fr\/wp-content\/uploads\/2023\/11\/500p-petit-formet-1024x683.jpg"}],"twitter_card":"summary_large_image","twitter_misc":{"Dur\u00e9e de lecture estim\u00e9e":"3 minutes"},"schema":{"@context":"https:\/\/schema.org","@graph":[{"@type":"WebPage","@id":"http:\/\/domainedelenvol.fr\/index.php\/notre-philosophie\/","url":"http:\/\/domainedelenvol.fr\/index.php\/notre-philosophie\/","name":"Notre Philosophie - Domaine De l&#039;Envol - Vins d&#039;Alsace","isPartOf":{"@id":"https:\/\/domainedelenvol.fr\/#website"},"datePublished":"2016-09-23T13:57:49+00:00","dateModified":"2023-11-15T09:19:31+00:00","breadcrumb":{"@id":"http:\/\/domainedelenvol.fr\/index.php\/notre-philosophie\/#breadcrumb"},"inLanguage":"fr-FR","potentialAction":[{"@type":"ReadAction","target":["http:\/\/domainedelenvol.fr\/index.php\/notre-philosophie\/"]}]},{"@type":"BreadcrumbList","@id":"http:\/\/domainedelenvol.fr\/index.php\/notre-philosophie\/#breadcrumb","itemListElement":[{"@type":"ListItem","position":1,"name":"Accueil","item":"https:\/\/domainedelenvol.fr\/"},{"@type":"ListItem","position":2,"name":"Notre Philosophie"}]},{"@type":"WebSite","@id":"https:\/\/domainedelenvol.fr\/#website","url":"https:\/\/domainedelenvol.fr\/","name":"Domaine De l&#039;Envol - Vins d&#039;Alsace","description":"","publisher":{"@id":"https:\/\/domainedelenvol.fr\/#organization"},"potentialAction":[{"@type":"SearchAction","target":{"@type":"EntryPoint","urlTemplate":"https:\/\/domainedelenvol.fr\/?s={search_term_string}"},"query-input":"required name=search_term_string"}],"inLanguage":"fr-FR"},{"@type":"Organization","@id":"https:\/\/domainedelenvol.fr\/#organization","name":"Domaine de l'Envol","url":"https:\/\/domainedelenvol.fr\/","logo":{"@type":"ImageObject","inLanguage":"fr-FR","@id":"https:\/\/domainedelenvol.fr\/#\/schema\/logo\/image\/","url":"https:\/\/domainedelenvol.fr\/wp-content\/uploads\/2017\/04\/cropped-Domaine-de-lEnvol-logo-2.png","contentUrl":"https:\/\/domainedelenvol.fr\/wp-content\/uploads\/2017\/04\/cropped-Domaine-de-lEnvol-logo-2.png","width":1450,"height":864,"caption":"Domaine de l'Envol"},"image":{"@id":"https:\/\/domainedelenvol.fr\/#\/schema\/logo\/image\/"}}]}},"_links":{"self":[{"href":"https:\/\/domainedelenvol.fr\/index.php\/wp-json\/wp\/v2\/pages\/175"}],"collection":[{"href":"https:\/\/domainedelenvol.fr\/index.php\/wp-json\/wp\/v2\/pages"}],"about":[{"href":"https:\/\/domainedelenvol.fr\/index.php\/wp-json\/wp\/v2\/types\/page"}],"author":[{"embeddable":true,"href":"https:\/\/domainedelenvol.fr\/index.php\/wp-json\/wp\/v2\/users\/1"}],"replies":[{"embeddable":true,"href":"https:\/\/domainedelenvol.fr\/index.php\/wp-json\/wp\/v2\/comments?post=175"}],"version-history":[{"count":57,"href":"https:\/\/domainedelenvol.fr\/index.php\/wp-json\/wp\/v2\/pages\/175\/revisions"}],"predecessor-version":[{"id":2147,"href":"https:\/\/domainedelenvol.fr\/index.php\/wp-json\/wp\/v2\/pages\/175\/revisions\/2147"}],"wp:attachment":[{"href":"https:\/\/domainedelenvol.fr\/index.php\/wp-json\/wp\/v2\/media?parent=175"}],"curies":[{"name":"wp","href":"https:\/\/api.w.org\/{rel}","templated":true}]}}